{"id":17173,"date":"2026-02-06T04:40:45","date_gmt":"2026-02-06T04:40:45","guid":{"rendered":"https:\/\/libreriaelprincipito.com\/?post_type=product&#038;p=17173"},"modified":"2026-03-06T16:40:08","modified_gmt":"2026-03-06T16:40:08","slug":"frankenstein","status":"publish","type":"product","link":"https:\/\/libreriaelprincipito.com\/?product=frankenstein","title":{"rendered":"FRANKENSTEIN"},"content":{"rendered":"<p>Frankenstein es un libro donde la ciencia comete un error fatal. \u00bfHasta d\u00f3nde puede llegar un cient\u00edfico en su af\u00e1n de descubrir y crear? \u00bfCu\u00e1n responsable es de sus inventos? \u00bfPuede resultar un experimento en una amenaza? S\u00ed, este es el caso. Crear vida \u201cde la nada\u201d y no continuar la obra como se debe, tiene como consecuencia la ruina del entorno el cient\u00edfico en cuesti\u00f3n. El llamado \u2018monstruo\u2019 Frankenstein no era un ser maligno, sino que la sociedad y la ciencia mal encarada lo hicieron as\u00ed. El doctor Frankenstein, su creador, lo abandon\u00f3 en el mismo instante en que se dio cuenta de lo extralimitado y quim\u00e9rico que result\u00f3 su experimento. No intent\u00f3 mejorar la situaci\u00f3n, sino que huy\u00f3 ardemente. Aunque tampoco se puede juzgar de forma impropia al doctor Frankenstein, porque su formaci\u00f3n acad\u00e9mica no encamin\u00f3 debidamente sus inquietudes. Una concatenaci\u00f3n de hechos que llevan al sufrimiento del creador y del creado.<\/p>\n<p>DETALLES DEL PRODUCTO:<\/p>\n<p>ISBS: 9789585881129<\/p>\n<p>C\u00f3digo: 0<\/p>\n<p>P\u00e1ginas: 224<\/p>\n<p>Tama\u00f1o: Formato: 13.5 x 21 cm, tapa r\u00fastica con plastificado brillante.<\/p>\n","protected":false},"excerpt":{"rendered":"<p>Frankenstein es un libro donde la ciencia comete un error fatal. \u00bfHasta d\u00f3nde puede llegar un cient\u00edfico en su af\u00e1n de descubrir y crear? \u00bfCu\u00e1n responsable es de sus inventos? \u00bfPuede resultar un experimento en una amenaza? S\u00ed, este es el caso. Crear vida \u201cde la nada\u201d y no continuar la obra como se debe, tiene como consecuencia la ruina del entorno el cient\u00edfico en cuesti\u00f3n. El llamado \u2018monstruo\u2019 Frankenstein no era un ser maligno, sino que la sociedad y la ciencia mal encarada lo hicieron as\u00ed. El doctor Frankenstein, su creador, lo abandon\u00f3 en el mismo instante en que se dio cuenta de lo extralimitado y quim\u00e9rico que result\u00f3 su experimento. No intent\u00f3 mejorar la situaci\u00f3n, sino que huy\u00f3 ardemente. Aunque tampoco se puede juzgar de forma impropia al doctor Frankenstein, porque su formaci\u00f3n acad\u00e9mica no encamin\u00f3 debidamente sus inquietudes. Una concatenaci\u00f3n de hechos que llevan al sufrimiento del creador y del creado.<\/p>\n","protected":false},"featured_media":19178,"comment_status":"open","ping_status":"closed","template":"","meta":[],"product_brand":[],"product_cat":[18],"product_tag":[],"class_list":{"0":"post-17173","1":"product","2":"type-product","3":"status-publish","4":"has-post-thumbnail","6":"product_cat-sin-categorizar","8":"first","9":"instock","10":"shipping-taxable","11":"purchasable","12":"product-type-simple"},"jetpack_sharing_enabled":true,"_links":{"self":[{"href":"https:\/\/libreriaelprincipito.com\/index.php?rest_route=\/wp\/v2\/product\/17173","targetHints":{"allow":["GET"]}}],"collection":[{"href":"https:\/\/libreriaelprincipito.com\/index.php?rest_route=\/wp\/v2\/product"}],"about":[{"href":"https:\/\/libreriaelprincipito.com\/index.php?rest_route=\/wp\/v2\/types\/product"}],"replies":[{"embeddable":true,"href":"https:\/\/libreriaelprincipito.com\/index.php?rest_route=%2Fwp%2Fv2%2Fcomments&post=17173"}],"version-history":[{"count":1,"href":"https:\/\/libreriaelprincipito.com\/index.php?rest_route=\/wp\/v2\/product\/17173\/revisions"}],"predecessor-version":[{"id":17224,"href":"https:\/\/libreriaelprincipito.com\/index.php?rest_route=\/wp\/v2\/product\/17173\/revisions\/17224"}],"wp:featuredmedia":[{"embeddable":true,"href":"https:\/\/libreriaelprincipito.com\/index.php?rest_route=\/wp\/v2\/media\/19178"}],"wp:attachment":[{"href":"https:\/\/libreriaelprincipito.com\/index.php?rest_route=%2Fwp%2Fv2%2Fmedia&parent=17173"}],"wp:term":[{"taxonomy":"product_brand","embeddable":true,"href":"https:\/\/libreriaelprincipito.com\/index.php?rest_route=%2Fwp%2Fv2%2Fproduct_brand&post=17173"},{"taxonomy":"product_cat","embeddable":true,"href":"https:\/\/libreriaelprincipito.com\/index.php?rest_route=%2Fwp%2Fv2%2Fproduct_cat&post=17173"},{"taxonomy":"product_tag","embeddable":true,"href":"https:\/\/libreriaelprincipito.com\/index.php?rest_route=%2Fwp%2Fv2%2Fproduct_tag&post=17173"}],"curies":[{"name":"wp","href":"https:\/\/api.w.org\/{rel}","templated":true}]}}