{"id":17175,"date":"2026-02-06T04:40:45","date_gmt":"2026-02-06T04:40:45","guid":{"rendered":"https:\/\/libreriaelprincipito.com\/?post_type=product&#038;p=17175"},"modified":"2026-02-18T16:49:16","modified_gmt":"2026-02-18T16:49:16","slug":"heidi","status":"publish","type":"product","link":"https:\/\/libreriaelprincipito.com\/?product=heidi","title":{"rendered":"HEIDI"},"content":{"rendered":"<p>Heidi es la ni\u00f1a m\u00e1s famosa de Suiza. Enamor\u00f3 a generaciones de lectores con su amor por la vida, su independencia y su sed de libertad. Esta novela ha sido traducida a 70 idiomas e inspirado a m\u00e1s de 15 adaptaciones cinematogr\u00e1 cas. Heidi es la conmovedora historia de una peque\u00f1a hu\u00e9rfana que encuentra la felicidad en su para\u00edso alpino y transforma a los que la rodean con su noble coraz\u00f3n y sus elevados valores morales.<\/p>\n<p>DETALLES DEL PRODUCTO:<\/p>\n<p>ISBS: 9789585505353<\/p>\n<p>C\u00f3digo: 0<\/p>\n<p>P\u00e1ginas: 189<\/p>\n<p>Tama\u00f1o: Formato: 13.5 x 21 cm, tapa r\u00fastica con plastificado brillante.<\/p>\n","protected":false},"excerpt":{"rendered":"<p>Heidi es la ni\u00f1a m\u00e1s famosa de Suiza. Enamor\u00f3 a generaciones de lectores con su amor por la vida, su independencia y su sed de libertad. Esta novela ha sido traducida a 70 idiomas e inspirado a m\u00e1s de 15 adaptaciones cinematogr\u00e1 cas. Heidi es la conmovedora historia de una peque\u00f1a hu\u00e9rfana que encuentra la felicidad en su para\u00edso alpino y transforma a los que la rodean con su noble coraz\u00f3n y sus elevados valores morales.<\/p>\n","protected":false},"featured_media":18747,"comment_status":"open","ping_status":"closed","template":"","meta":[],"product_brand":[],"product_cat":[18],"product_tag":[],"class_list":{"0":"post-17175","1":"product","2":"type-product","3":"status-publish","4":"has-post-thumbnail","6":"product_cat-sin-categorizar","8":"first","9":"instock","10":"shipping-taxable","11":"purchasable","12":"product-type-simple"},"jetpack_sharing_enabled":true,"_links":{"self":[{"href":"https:\/\/libreriaelprincipito.com\/index.php?rest_route=\/wp\/v2\/product\/17175","targetHints":{"allow":["GET"]}}],"collection":[{"href":"https:\/\/libreriaelprincipito.com\/index.php?rest_route=\/wp\/v2\/product"}],"about":[{"href":"https:\/\/libreriaelprincipito.com\/index.php?rest_route=\/wp\/v2\/types\/product"}],"replies":[{"embeddable":true,"href":"https:\/\/libreriaelprincipito.com\/index.php?rest_route=%2Fwp%2Fv2%2Fcomments&post=17175"}],"version-history":[{"count":1,"href":"https:\/\/libreriaelprincipito.com\/index.php?rest_route=\/wp\/v2\/product\/17175\/revisions"}],"predecessor-version":[{"id":17228,"href":"https:\/\/libreriaelprincipito.com\/index.php?rest_route=\/wp\/v2\/product\/17175\/revisions\/17228"}],"wp:featuredmedia":[{"embeddable":true,"href":"https:\/\/libreriaelprincipito.com\/index.php?rest_route=\/wp\/v2\/media\/18747"}],"wp:attachment":[{"href":"https:\/\/libreriaelprincipito.com\/index.php?rest_route=%2Fwp%2Fv2%2Fmedia&parent=17175"}],"wp:term":[{"taxonomy":"product_brand","embeddable":true,"href":"https:\/\/libreriaelprincipito.com\/index.php?rest_route=%2Fwp%2Fv2%2Fproduct_brand&post=17175"},{"taxonomy":"product_cat","embeddable":true,"href":"https:\/\/libreriaelprincipito.com\/index.php?rest_route=%2Fwp%2Fv2%2Fproduct_cat&post=17175"},{"taxonomy":"product_tag","embeddable":true,"href":"https:\/\/libreriaelprincipito.com\/index.php?rest_route=%2Fwp%2Fv2%2Fproduct_tag&post=17175"}],"curies":[{"name":"wp","href":"https:\/\/api.w.org\/{rel}","templated":true}]}}