{"id":17176,"date":"2026-02-06T04:40:45","date_gmt":"2026-02-06T04:40:45","guid":{"rendered":"https:\/\/libreriaelprincipito.com\/?post_type=product&#038;p=17176"},"modified":"2026-02-18T16:50:29","modified_gmt":"2026-02-18T16:50:29","slug":"historia-de-dos-ciudades","status":"publish","type":"product","link":"https:\/\/libreriaelprincipito.com\/?product=historia-de-dos-ciudades","title":{"rendered":"HISTORIA DE DOS CIUDADES"},"content":{"rendered":"<p>\u00abEra el mejor de los tiempos, era el peor de los tiempos, la edad de la sabidur\u00eda, y tambi\u00e9n de la locura; la \u00e9poca de las creencias y de la incredulidad; la era de la luz y de las tinieblas; la primavera de la esperanza y el invierno de la desesperaci\u00f3n. Todo lo pose\u00edamos, pero no ten\u00edamos nada; camin\u00e1bamos en derechura al cielo y nos extravi\u00e1bamos por el camino opuesto. En una palabra, aquella \u00e9poca era tan parecida a la actual, que nuestras m\u00e1s notables autoridades insisten en que, tanto en lo que se re ere al bien como al mal, solo es aceptable la comparaci\u00f3n en grado superlativo.\u00bb<\/p>\n<p>DETALLES DEL PRODUCTO:<\/p>\n<p>ISBS: 9789585505261<\/p>\n<p>C\u00f3digo: 0<\/p>\n<p>P\u00e1ginas: 308<\/p>\n<p>Tama\u00f1o: 13,5 x 21 cm. Tintas: Monocrom\u00eda (60gr) Car\u00e1tula. Tintas: Policrom\u00eda (280gr) Acabados: Plastificado brillante.<\/p>\n","protected":false},"excerpt":{"rendered":"<p>\u00abEra el mejor de los tiempos, era el peor de los tiempos, la edad de la sabidur\u00eda, y tambi\u00e9n de la locura; la \u00e9poca de las creencias y de la incredulidad; la era de la luz y de las tinieblas; la primavera de la esperanza y el invierno de la desesperaci\u00f3n. Todo lo pose\u00edamos, pero no ten\u00edamos nada; camin\u00e1bamos en derechura al cielo y nos extravi\u00e1bamos por el camino opuesto. En una palabra, aquella \u00e9poca era tan parecida a la actual, que nuestras m\u00e1s notables autoridades insisten en que, tanto en lo que se re ere al bien como al mal, solo es aceptable la comparaci\u00f3n en grado superlativo.\u00bb<\/p>\n","protected":false},"featured_media":18748,"comment_status":"open","ping_status":"closed","template":"","meta":[],"product_brand":[],"product_cat":[18],"product_tag":[],"class_list":{"0":"post-17176","1":"product","2":"type-product","3":"status-publish","4":"has-post-thumbnail","6":"product_cat-sin-categorizar","8":"first","9":"instock","10":"shipping-taxable","11":"purchasable","12":"product-type-simple"},"jetpack_sharing_enabled":true,"_links":{"self":[{"href":"https:\/\/libreriaelprincipito.com\/index.php?rest_route=\/wp\/v2\/product\/17176","targetHints":{"allow":["GET"]}}],"collection":[{"href":"https:\/\/libreriaelprincipito.com\/index.php?rest_route=\/wp\/v2\/product"}],"about":[{"href":"https:\/\/libreriaelprincipito.com\/index.php?rest_route=\/wp\/v2\/types\/product"}],"replies":[{"embeddable":true,"href":"https:\/\/libreriaelprincipito.com\/index.php?rest_route=%2Fwp%2Fv2%2Fcomments&post=17176"}],"version-history":[{"count":1,"href":"https:\/\/libreriaelprincipito.com\/index.php?rest_route=\/wp\/v2\/product\/17176\/revisions"}],"predecessor-version":[{"id":17230,"href":"https:\/\/libreriaelprincipito.com\/index.php?rest_route=\/wp\/v2\/product\/17176\/revisions\/17230"}],"wp:featuredmedia":[{"embeddable":true,"href":"https:\/\/libreriaelprincipito.com\/index.php?rest_route=\/wp\/v2\/media\/18748"}],"wp:attachment":[{"href":"https:\/\/libreriaelprincipito.com\/index.php?rest_route=%2Fwp%2Fv2%2Fmedia&parent=17176"}],"wp:term":[{"taxonomy":"product_brand","embeddable":true,"href":"https:\/\/libreriaelprincipito.com\/index.php?rest_route=%2Fwp%2Fv2%2Fproduct_brand&post=17176"},{"taxonomy":"product_cat","embeddable":true,"href":"https:\/\/libreriaelprincipito.com\/index.php?rest_route=%2Fwp%2Fv2%2Fproduct_cat&post=17176"},{"taxonomy":"product_tag","embeddable":true,"href":"https:\/\/libreriaelprincipito.com\/index.php?rest_route=%2Fwp%2Fv2%2Fproduct_tag&post=17176"}],"curies":[{"name":"wp","href":"https:\/\/api.w.org\/{rel}","templated":true}]}}