{"id":17177,"date":"2026-02-06T04:40:45","date_gmt":"2026-02-06T04:40:45","guid":{"rendered":"https:\/\/libreriaelprincipito.com\/?post_type=product&#038;p=17177"},"modified":"2026-02-18T16:52:06","modified_gmt":"2026-02-18T16:52:06","slug":"juliette","status":"publish","type":"product","link":"https:\/\/libreriaelprincipito.com\/?product=juliette","title":{"rendered":"JULIETTE"},"content":{"rendered":"<p>Juliette o las prosperidades del vicio es una novela publicada entre 1797 y 1801, que acompa\u00f1a a la Nueva Justine de Sade. Mientras que Justine, la hermana de Juliette, era una mujer virtuosa que, en consecuencia, no encontr\u00f3 nada m\u00e1s que desesperaci\u00f3n y abuso, Juliette es asesina, ninf\u00f3mana, amoral, exitosa y feliz. Juliette es la hermana malvada de Justine, que cuenta su educaci\u00f3n en el vicio por parte de libertinos y criminales que alternan sus acciones de sexo y crueldad con largas disquisiciones filos\u00f3ficas. Una vez formada, alcanza la fortuna mediante el ego\u00edsmo, la lujuria, el crimen y la maldad. Historia pesada y supuestamente hinchada con un cat\u00e1logo de depravaciones extremas por motivos alimenticios, como Justine.<\/p>\n<p>DETALLES DEL PRODUCTO:<\/p>\n<p>ISBS: 9789585505360<\/p>\n<p>C\u00f3digo: 0<\/p>\n<p>P\u00e1ginas: 391<\/p>\n<p>Tama\u00f1o: Formato: 13.5 x 21 cm, tapa r\u00fastica con plastificado brillante.<\/p>\n","protected":false},"excerpt":{"rendered":"<p>Juliette o las prosperidades del vicio es una novela publicada entre 1797 y 1801, que acompa\u00f1a a la Nueva Justine de Sade. Mientras que Justine, la hermana de Juliette, era una mujer virtuosa que, en consecuencia, no encontr\u00f3 nada m\u00e1s que desesperaci\u00f3n y abuso, Juliette es asesina, ninf\u00f3mana, amoral, exitosa y feliz. Juliette es la hermana malvada de Justine, que cuenta su educaci\u00f3n en el vicio por parte de libertinos y criminales que alternan sus acciones de sexo y crueldad con largas disquisiciones filos\u00f3ficas. Una vez formada, alcanza la fortuna mediante el ego\u00edsmo, la lujuria, el crimen y la maldad. Historia pesada y supuestamente hinchada con un cat\u00e1logo de depravaciones extremas por motivos alimenticios, como Justine.<\/p>\n","protected":false},"featured_media":18749,"comment_status":"open","ping_status":"closed","template":"","meta":[],"product_brand":[],"product_cat":[18],"product_tag":[],"class_list":{"0":"post-17177","1":"product","2":"type-product","3":"status-publish","4":"has-post-thumbnail","6":"product_cat-sin-categorizar","8":"first","9":"instock","10":"shipping-taxable","11":"purchasable","12":"product-type-simple"},"jetpack_sharing_enabled":true,"_links":{"self":[{"href":"https:\/\/libreriaelprincipito.com\/index.php?rest_route=\/wp\/v2\/product\/17177","targetHints":{"allow":["GET"]}}],"collection":[{"href":"https:\/\/libreriaelprincipito.com\/index.php?rest_route=\/wp\/v2\/product"}],"about":[{"href":"https:\/\/libreriaelprincipito.com\/index.php?rest_route=\/wp\/v2\/types\/product"}],"replies":[{"embeddable":true,"href":"https:\/\/libreriaelprincipito.com\/index.php?rest_route=%2Fwp%2Fv2%2Fcomments&post=17177"}],"version-history":[{"count":1,"href":"https:\/\/libreriaelprincipito.com\/index.php?rest_route=\/wp\/v2\/product\/17177\/revisions"}],"predecessor-version":[{"id":17232,"href":"https:\/\/libreriaelprincipito.com\/index.php?rest_route=\/wp\/v2\/product\/17177\/revisions\/17232"}],"wp:featuredmedia":[{"embeddable":true,"href":"https:\/\/libreriaelprincipito.com\/index.php?rest_route=\/wp\/v2\/media\/18749"}],"wp:attachment":[{"href":"https:\/\/libreriaelprincipito.com\/index.php?rest_route=%2Fwp%2Fv2%2Fmedia&parent=17177"}],"wp:term":[{"taxonomy":"product_brand","embeddable":true,"href":"https:\/\/libreriaelprincipito.com\/index.php?rest_route=%2Fwp%2Fv2%2Fproduct_brand&post=17177"},{"taxonomy":"product_cat","embeddable":true,"href":"https:\/\/libreriaelprincipito.com\/index.php?rest_route=%2Fwp%2Fv2%2Fproduct_cat&post=17177"},{"taxonomy":"product_tag","embeddable":true,"href":"https:\/\/libreriaelprincipito.com\/index.php?rest_route=%2Fwp%2Fv2%2Fproduct_tag&post=17177"}],"curies":[{"name":"wp","href":"https:\/\/api.w.org\/{rel}","templated":true}]}}