{"id":17178,"date":"2026-02-06T04:40:45","date_gmt":"2026-02-06T04:40:45","guid":{"rendered":"https:\/\/libreriaelprincipito.com\/?post_type=product&#038;p=17178"},"modified":"2026-02-18T16:45:47","modified_gmt":"2026-02-18T16:45:47","slug":"justine","status":"publish","type":"product","link":"https:\/\/libreriaelprincipito.com\/?product=justine","title":{"rendered":"JUSTINE"},"content":{"rendered":"<p>Justine o los infortunios de la virtud es la novela pornogr\u00e1fica m\u00e1s famosa de la historia, Intercala, como es costumbre, descripciones pornogr\u00e1ficas con reflexiones filos\u00f3ficas. Justine es una dama virtuosa que sufre el trato cruel de los libertinos criminales; Justine relata sus aventuras a su hermana, en un encuentro fortuito varios a\u00f1os despu\u00e9s de su separaci\u00f3n, sin reconocerse. El lenguaje utilizado para desgranar las perversiones extremas de los antagonistas de la joven est\u00e1 tamizado al provenir de \u00e9sta, y no de un narrador omnisciente como las precedentes Las 120 jornadas de Sodoma o La filosof\u00eda en el tocador . Entre los numerosos personajes crueles se encuentran unos monjes depravados que viven en un monasterio terror\u00edfico. Para compensar el final tr\u00e1gico, se nos cuenta que Juliette, la hermana viciosa de Justine, se regenera.<\/p>\n<p>DETALLES DEL PRODUCTO:<\/p>\n<p>ISBS: 9789585505407<\/p>\n<p>C\u00f3digo: 0<\/p>\n<p>P\u00e1ginas: 338<\/p>\n<p>Tama\u00f1o: Formato: 13.5 x 21 cm, tapa r\u00fastica con plastificado brillante.<\/p>\n","protected":false},"excerpt":{"rendered":"<p>Justine o los infortunios de la virtud es la novela pornogr\u00e1fica m\u00e1s famosa de la historia, Intercala, como es costumbre, descripciones pornogr\u00e1ficas con reflexiones filos\u00f3ficas. Justine es una dama virtuosa que sufre el trato cruel de los libertinos criminales; Justine relata sus aventuras a su hermana, en un encuentro fortuito varios a\u00f1os despu\u00e9s de su separaci\u00f3n, sin reconocerse. El lenguaje utilizado para desgranar las perversiones extremas de los antagonistas de la joven est\u00e1 tamizado al provenir de \u00e9sta, y no de un narrador omnisciente como las precedentes Las 120 jornadas de Sodoma o La filosof\u00eda en el tocador . Entre los numerosos personajes crueles se encuentran unos monjes depravados que viven en un monasterio terror\u00edfico. Para compensar el final tr\u00e1gico, se nos cuenta que Juliette, la hermana viciosa de Justine, se regenera.<\/p>\n","protected":false},"featured_media":18744,"comment_status":"open","ping_status":"closed","template":"","meta":[],"product_brand":[],"product_cat":[18],"product_tag":[],"class_list":{"0":"post-17178","1":"product","2":"type-product","3":"status-publish","4":"has-post-thumbnail","6":"product_cat-sin-categorizar","8":"first","9":"instock","10":"shipping-taxable","11":"purchasable","12":"product-type-simple"},"jetpack_sharing_enabled":true,"_links":{"self":[{"href":"https:\/\/libreriaelprincipito.com\/index.php?rest_route=\/wp\/v2\/product\/17178","targetHints":{"allow":["GET"]}}],"collection":[{"href":"https:\/\/libreriaelprincipito.com\/index.php?rest_route=\/wp\/v2\/product"}],"about":[{"href":"https:\/\/libreriaelprincipito.com\/index.php?rest_route=\/wp\/v2\/types\/product"}],"replies":[{"embeddable":true,"href":"https:\/\/libreriaelprincipito.com\/index.php?rest_route=%2Fwp%2Fv2%2Fcomments&post=17178"}],"version-history":[{"count":1,"href":"https:\/\/libreriaelprincipito.com\/index.php?rest_route=\/wp\/v2\/product\/17178\/revisions"}],"predecessor-version":[{"id":17234,"href":"https:\/\/libreriaelprincipito.com\/index.php?rest_route=\/wp\/v2\/product\/17178\/revisions\/17234"}],"wp:featuredmedia":[{"embeddable":true,"href":"https:\/\/libreriaelprincipito.com\/index.php?rest_route=\/wp\/v2\/media\/18744"}],"wp:attachment":[{"href":"https:\/\/libreriaelprincipito.com\/index.php?rest_route=%2Fwp%2Fv2%2Fmedia&parent=17178"}],"wp:term":[{"taxonomy":"product_brand","embeddable":true,"href":"https:\/\/libreriaelprincipito.com\/index.php?rest_route=%2Fwp%2Fv2%2Fproduct_brand&post=17178"},{"taxonomy":"product_cat","embeddable":true,"href":"https:\/\/libreriaelprincipito.com\/index.php?rest_route=%2Fwp%2Fv2%2Fproduct_cat&post=17178"},{"taxonomy":"product_tag","embeddable":true,"href":"https:\/\/libreriaelprincipito.com\/index.php?rest_route=%2Fwp%2Fv2%2Fproduct_tag&post=17178"}],"curies":[{"name":"wp","href":"https:\/\/api.w.org\/{rel}","templated":true}]}}