{"id":17179,"date":"2026-02-06T04:40:45","date_gmt":"2026-02-06T04:40:45","guid":{"rendered":"https:\/\/libreriaelprincipito.com\/?post_type=product&#038;p=17179"},"modified":"2026-02-18T16:32:28","modified_gmt":"2026-02-18T16:32:28","slug":"la-celestina","status":"publish","type":"product","link":"https:\/\/libreriaelprincipito.com\/?product=la-celestina","title":{"rendered":"LA CELESTINA"},"content":{"rendered":"<p>La Celestina, de Fernando de Rojas, es la obra m\u00e1s importante de la literatura espa\u00f1ola despu\u00e9s del Quijote, seg\u00fan muchos cr\u00edticos. Fue muy exitosa en su tiempo y a\u00fan sigue cautivando a lectores con una historia intrigante que re eja la lucha ideol\u00f3gica y moral de una sociedad en transici\u00f3n de la Edad Media al Renacimiento.<\/p>\n<p>DETALLES DEL PRODUCTO:<\/p>\n<p>ISBS: 9789585617858<\/p>\n<p>C\u00f3digo: 0<\/p>\n<p>P\u00e1ginas: 236<\/p>\n<p>Tama\u00f1o: 13,5 x 21 cm. Tintas: Monocrom\u00eda (60gr) Car\u00e1tula. Tintas: Policrom\u00eda (280gr) Acabados: Plastificado brillante.<\/p>\n","protected":false},"excerpt":{"rendered":"<p>La Celestina, de Fernando de Rojas, es la obra m\u00e1s importante de la literatura espa\u00f1ola despu\u00e9s del Quijote, seg\u00fan muchos cr\u00edticos. Fue muy exitosa en su tiempo y a\u00fan sigue cautivando a lectores con una historia intrigante que re eja la lucha ideol\u00f3gica y moral de una sociedad en transici\u00f3n de la Edad Media al Renacimiento.<\/p>\n","protected":false},"featured_media":18741,"comment_status":"open","ping_status":"closed","template":"","meta":[],"product_brand":[],"product_cat":[18],"product_tag":[],"class_list":{"0":"post-17179","1":"product","2":"type-product","3":"status-publish","4":"has-post-thumbnail","6":"product_cat-sin-categorizar","8":"first","9":"instock","10":"shipping-taxable","11":"purchasable","12":"product-type-simple"},"jetpack_sharing_enabled":true,"_links":{"self":[{"href":"https:\/\/libreriaelprincipito.com\/index.php?rest_route=\/wp\/v2\/product\/17179","targetHints":{"allow":["GET"]}}],"collection":[{"href":"https:\/\/libreriaelprincipito.com\/index.php?rest_route=\/wp\/v2\/product"}],"about":[{"href":"https:\/\/libreriaelprincipito.com\/index.php?rest_route=\/wp\/v2\/types\/product"}],"replies":[{"embeddable":true,"href":"https:\/\/libreriaelprincipito.com\/index.php?rest_route=%2Fwp%2Fv2%2Fcomments&post=17179"}],"version-history":[{"count":1,"href":"https:\/\/libreriaelprincipito.com\/index.php?rest_route=\/wp\/v2\/product\/17179\/revisions"}],"predecessor-version":[{"id":17236,"href":"https:\/\/libreriaelprincipito.com\/index.php?rest_route=\/wp\/v2\/product\/17179\/revisions\/17236"}],"wp:featuredmedia":[{"embeddable":true,"href":"https:\/\/libreriaelprincipito.com\/index.php?rest_route=\/wp\/v2\/media\/18741"}],"wp:attachment":[{"href":"https:\/\/libreriaelprincipito.com\/index.php?rest_route=%2Fwp%2Fv2%2Fmedia&parent=17179"}],"wp:term":[{"taxonomy":"product_brand","embeddable":true,"href":"https:\/\/libreriaelprincipito.com\/index.php?rest_route=%2Fwp%2Fv2%2Fproduct_brand&post=17179"},{"taxonomy":"product_cat","embeddable":true,"href":"https:\/\/libreriaelprincipito.com\/index.php?rest_route=%2Fwp%2Fv2%2Fproduct_cat&post=17179"},{"taxonomy":"product_tag","embeddable":true,"href":"https:\/\/libreriaelprincipito.com\/index.php?rest_route=%2Fwp%2Fv2%2Fproduct_tag&post=17179"}],"curies":[{"name":"wp","href":"https:\/\/api.w.org\/{rel}","templated":true}]}}