{"id":17310,"date":"2026-02-06T04:41:44","date_gmt":"2026-02-06T04:41:44","guid":{"rendered":"https:\/\/libreriaelprincipito.com\/?post_type=product&#038;p=17310"},"modified":"2026-02-18T20:25:31","modified_gmt":"2026-02-18T20:25:31","slug":"miguel-strogoff","status":"publish","type":"product","link":"https:\/\/libreriaelprincipito.com\/?product=miguel-strogoff","title":{"rendered":"MIGUEL STROGOFF"},"content":{"rendered":"<p>En Rusia ha estallado la guerra. Los t\u00e1rtaros han invadido Siberia y han cortado las comunicaciones entre los dos extremos del vasto imperio. Ivan Ogareff, un oficial degradado, se ha vendido al enemigo. Ha prometido al t\u00e1rtaro que le entregar\u00e1 la ciudad de Irkutsk donde se encuentra el Gran Duque, hermano del zar, y lo har\u00e1 a la manera de los cobardes: por medio de la traici\u00f3n. Miguel Strogoff, capit\u00e1n del cuerpo de correos del zar, deber\u00e1 cruzar el imperio de manera inc\u00f3gnita, atravesar la fr\u00eda estepa y las l\u00edneas del enemigo y llegar a Irkutsk antes que Iv\u00e1n Ogareff para descubrir su enga\u00f1o.<\/p>\n<p>DETALLES DEL PRODUCTO:<\/p>\n<p>ISBS: 9789585505377<\/p>\n<p>C\u00f3digo: 0<\/p>\n<p>P\u00e1ginas: 424<\/p>\n<p>Tama\u00f1o: 13.5 x 21 cm, tapa r\u00fastica con plastificado brillante.<\/p>\n","protected":false},"excerpt":{"rendered":"<p>En Rusia ha estallado la guerra. Los t\u00e1rtaros han invadido Siberia y han cortado las comunicaciones entre los dos extremos del vasto imperio. Ivan Ogareff, un oficial degradado, se ha vendido al enemigo. Ha prometido al t\u00e1rtaro que le entregar\u00e1 la ciudad de Irkutsk donde se encuentra el Gran Duque, hermano del zar, y lo har\u00e1 a la manera de los cobardes: por medio de la traici\u00f3n. Miguel Strogoff, capit\u00e1n del cuerpo de correos del zar, deber\u00e1 cruzar el imperio de manera inc\u00f3gnita, atravesar la fr\u00eda estepa y las l\u00edneas del enemigo y llegar a Irkutsk antes que Iv\u00e1n Ogareff para descubrir su enga\u00f1o.<\/p>\n","protected":false},"featured_media":18791,"comment_status":"open","ping_status":"closed","template":"","meta":[],"product_brand":[],"product_cat":[18],"product_tag":[],"class_list":{"0":"post-17310","1":"product","2":"type-product","3":"status-publish","4":"has-post-thumbnail","6":"product_cat-sin-categorizar","8":"first","9":"instock","10":"shipping-taxable","11":"purchasable","12":"product-type-simple"},"jetpack_sharing_enabled":true,"_links":{"self":[{"href":"https:\/\/libreriaelprincipito.com\/index.php?rest_route=\/wp\/v2\/product\/17310","targetHints":{"allow":["GET"]}}],"collection":[{"href":"https:\/\/libreriaelprincipito.com\/index.php?rest_route=\/wp\/v2\/product"}],"about":[{"href":"https:\/\/libreriaelprincipito.com\/index.php?rest_route=\/wp\/v2\/types\/product"}],"replies":[{"embeddable":true,"href":"https:\/\/libreriaelprincipito.com\/index.php?rest_route=%2Fwp%2Fv2%2Fcomments&post=17310"}],"version-history":[{"count":1,"href":"https:\/\/libreriaelprincipito.com\/index.php?rest_route=\/wp\/v2\/product\/17310\/revisions"}],"predecessor-version":[{"id":17351,"href":"https:\/\/libreriaelprincipito.com\/index.php?rest_route=\/wp\/v2\/product\/17310\/revisions\/17351"}],"wp:featuredmedia":[{"embeddable":true,"href":"https:\/\/libreriaelprincipito.com\/index.php?rest_route=\/wp\/v2\/media\/18791"}],"wp:attachment":[{"href":"https:\/\/libreriaelprincipito.com\/index.php?rest_route=%2Fwp%2Fv2%2Fmedia&parent=17310"}],"wp:term":[{"taxonomy":"product_brand","embeddable":true,"href":"https:\/\/libreriaelprincipito.com\/index.php?rest_route=%2Fwp%2Fv2%2Fproduct_brand&post=17310"},{"taxonomy":"product_cat","embeddable":true,"href":"https:\/\/libreriaelprincipito.com\/index.php?rest_route=%2Fwp%2Fv2%2Fproduct_cat&post=17310"},{"taxonomy":"product_tag","embeddable":true,"href":"https:\/\/libreriaelprincipito.com\/index.php?rest_route=%2Fwp%2Fv2%2Fproduct_tag&post=17310"}],"curies":[{"name":"wp","href":"https:\/\/api.w.org\/{rel}","templated":true}]}}