{"id":17324,"date":"2026-02-06T04:41:44","date_gmt":"2026-02-06T04:41:44","guid":{"rendered":"https:\/\/libreriaelprincipito.com\/?post_type=product&#038;p=17324"},"modified":"2026-02-18T20:22:32","modified_gmt":"2026-02-18T20:22:32","slug":"sentido-y-sensibilidad","status":"publish","type":"product","link":"https:\/\/libreriaelprincipito.com\/?product=sentido-y-sensibilidad","title":{"rendered":"SENTIDO Y SENSIBILIDAD"},"content":{"rendered":"<p>En esta obra Jane Austen explora con sutileza e iron\u00eda las opciones de la mujer en una sociedad r\u00edgidamente estructurada donde el \u00e9xito o el fracaso dependen solo de la elecci\u00f3n de un esposo. La historia se centra en las peripecias vitales de dos hermanas, Elinor y Marianne, cuyas antag\u00f3nicas personalidades ejemplifican las dos posibles respuestas femeninas ante la hipocres\u00eda dominante de la \u00e9poca.<\/p>\n<p>DETALLES DEL PRODUCTO:<\/p>\n<p>ISBS: 9789585505445<\/p>\n<p>C\u00f3digo: 0<\/p>\n<p>P\u00e1ginas: 358<\/p>\n<p>Tama\u00f1o: 13.5 x 21 cm<\/p>\n","protected":false},"excerpt":{"rendered":"<p>En esta obra Jane Austen explora con sutileza e iron\u00eda las opciones de la mujer en una sociedad r\u00edgidamente estructurada donde el \u00e9xito o el fracaso dependen solo de la elecci\u00f3n de un esposo. La historia se centra en las peripecias vitales de dos hermanas, Elinor y Marianne, cuyas antag\u00f3nicas personalidades ejemplifican las dos posibles respuestas femeninas ante la hipocres\u00eda dominante de la \u00e9poca.<\/p>\n","protected":false},"featured_media":18788,"comment_status":"open","ping_status":"closed","template":"","meta":[],"product_brand":[],"product_cat":[18],"product_tag":[],"class_list":{"0":"post-17324","1":"product","2":"type-product","3":"status-publish","4":"has-post-thumbnail","6":"product_cat-sin-categorizar","8":"first","9":"instock","10":"shipping-taxable","11":"purchasable","12":"product-type-simple"},"jetpack_sharing_enabled":true,"_links":{"self":[{"href":"https:\/\/libreriaelprincipito.com\/index.php?rest_route=\/wp\/v2\/product\/17324","targetHints":{"allow":["GET"]}}],"collection":[{"href":"https:\/\/libreriaelprincipito.com\/index.php?rest_route=\/wp\/v2\/product"}],"about":[{"href":"https:\/\/libreriaelprincipito.com\/index.php?rest_route=\/wp\/v2\/types\/product"}],"replies":[{"embeddable":true,"href":"https:\/\/libreriaelprincipito.com\/index.php?rest_route=%2Fwp%2Fv2%2Fcomments&post=17324"}],"version-history":[{"count":1,"href":"https:\/\/libreriaelprincipito.com\/index.php?rest_route=\/wp\/v2\/product\/17324\/revisions"}],"predecessor-version":[{"id":17379,"href":"https:\/\/libreriaelprincipito.com\/index.php?rest_route=\/wp\/v2\/product\/17324\/revisions\/17379"}],"wp:featuredmedia":[{"embeddable":true,"href":"https:\/\/libreriaelprincipito.com\/index.php?rest_route=\/wp\/v2\/media\/18788"}],"wp:attachment":[{"href":"https:\/\/libreriaelprincipito.com\/index.php?rest_route=%2Fwp%2Fv2%2Fmedia&parent=17324"}],"wp:term":[{"taxonomy":"product_brand","embeddable":true,"href":"https:\/\/libreriaelprincipito.com\/index.php?rest_route=%2Fwp%2Fv2%2Fproduct_brand&post=17324"},{"taxonomy":"product_cat","embeddable":true,"href":"https:\/\/libreriaelprincipito.com\/index.php?rest_route=%2Fwp%2Fv2%2Fproduct_cat&post=17324"},{"taxonomy":"product_tag","embeddable":true,"href":"https:\/\/libreriaelprincipito.com\/index.php?rest_route=%2Fwp%2Fv2%2Fproduct_tag&post=17324"}],"curies":[{"name":"wp","href":"https:\/\/api.w.org\/{rel}","templated":true}]}}