{"id":17325,"date":"2026-02-06T04:41:44","date_gmt":"2026-02-06T04:41:44","guid":{"rendered":"https:\/\/libreriaelprincipito.com\/?post_type=product&#038;p=17325"},"modified":"2026-02-18T20:16:40","modified_gmt":"2026-02-18T20:16:40","slug":"un-capitan-de-15-anos","status":"publish","type":"product","link":"https:\/\/libreriaelprincipito.com\/?product=un-capitan-de-15-anos","title":{"rendered":"UN CAPIT\u00c1N DE 15 A\u00d1OS"},"content":{"rendered":"<p>Un capit\u00e1n de quince a\u00f1os es una de las m\u00e1s destacadas obras de Julio Verne, quien es considerado hoy en d\u00eda el padre de la ciencia ficci\u00f3n. Sus novelas han inspirado las m\u00e1s grandes haza\u00f1as de la humanidad y han sumergido a generaciones de lectores en los m\u00e1s apasionantes viajes y aventuras. Una cacer\u00eda de ballenas en el Oc\u00e9ano Pac\u00edfico en una regi\u00f3n comprendida entre Nueva Zelanda y las Am\u00e9ricas, termina en una tragedia y Dick Sands, un grumete de tan solo 15 a\u00f1os, se convierte en el capit\u00e1n del Pilgrim. Sin poseer las habilidades de un capit\u00e1n, Dick trata de llevar el nav\u00edo hacia el este, para llegar a la costa sudamericana.<\/p>\n<p>DETALLES DEL PRODUCTO:<\/p>\n<p>ISBS: 9789585505346<\/p>\n<p>C\u00f3digo: 0<\/p>\n<p>P\u00e1ginas: 189<\/p>\n<p>Tama\u00f1o: 13.5 x 21 cm<\/p>\n","protected":false},"excerpt":{"rendered":"<p>Un capit\u00e1n de quince a\u00f1os es una de las m\u00e1s destacadas obras de Julio Verne, quien es considerado hoy en d\u00eda el padre de la ciencia ficci\u00f3n. Sus novelas han inspirado las m\u00e1s grandes haza\u00f1as de la humanidad y han sumergido a generaciones de lectores en los m\u00e1s apasionantes viajes y aventuras. Una cacer\u00eda de ballenas en el Oc\u00e9ano Pac\u00edfico en una regi\u00f3n comprendida entre Nueva Zelanda y las Am\u00e9ricas, termina en una tragedia y Dick Sands, un grumete de tan solo 15 a\u00f1os, se convierte en el capit\u00e1n del Pilgrim. Sin poseer las habilidades de un capit\u00e1n, Dick trata de llevar el nav\u00edo hacia el este, para llegar a la costa sudamericana.<\/p>\n","protected":false},"featured_media":18781,"comment_status":"open","ping_status":"closed","template":"","meta":[],"product_brand":[],"product_cat":[18],"product_tag":[],"class_list":{"0":"post-17325","1":"product","2":"type-product","3":"status-publish","4":"has-post-thumbnail","6":"product_cat-sin-categorizar","8":"first","9":"instock","10":"shipping-taxable","11":"purchasable","12":"product-type-simple"},"jetpack_sharing_enabled":true,"_links":{"self":[{"href":"https:\/\/libreriaelprincipito.com\/index.php?rest_route=\/wp\/v2\/product\/17325","targetHints":{"allow":["GET"]}}],"collection":[{"href":"https:\/\/libreriaelprincipito.com\/index.php?rest_route=\/wp\/v2\/product"}],"about":[{"href":"https:\/\/libreriaelprincipito.com\/index.php?rest_route=\/wp\/v2\/types\/product"}],"replies":[{"embeddable":true,"href":"https:\/\/libreriaelprincipito.com\/index.php?rest_route=%2Fwp%2Fv2%2Fcomments&post=17325"}],"version-history":[{"count":1,"href":"https:\/\/libreriaelprincipito.com\/index.php?rest_route=\/wp\/v2\/product\/17325\/revisions"}],"predecessor-version":[{"id":17381,"href":"https:\/\/libreriaelprincipito.com\/index.php?rest_route=\/wp\/v2\/product\/17325\/revisions\/17381"}],"wp:featuredmedia":[{"embeddable":true,"href":"https:\/\/libreriaelprincipito.com\/index.php?rest_route=\/wp\/v2\/media\/18781"}],"wp:attachment":[{"href":"https:\/\/libreriaelprincipito.com\/index.php?rest_route=%2Fwp%2Fv2%2Fmedia&parent=17325"}],"wp:term":[{"taxonomy":"product_brand","embeddable":true,"href":"https:\/\/libreriaelprincipito.com\/index.php?rest_route=%2Fwp%2Fv2%2Fproduct_brand&post=17325"},{"taxonomy":"product_cat","embeddable":true,"href":"https:\/\/libreriaelprincipito.com\/index.php?rest_route=%2Fwp%2Fv2%2Fproduct_cat&post=17325"},{"taxonomy":"product_tag","embeddable":true,"href":"https:\/\/libreriaelprincipito.com\/index.php?rest_route=%2Fwp%2Fv2%2Fproduct_tag&post=17325"}],"curies":[{"name":"wp","href":"https:\/\/api.w.org\/{rel}","templated":true}]}}