{"id":17391,"date":"2026-02-06T04:42:03","date_gmt":"2026-02-06T04:42:03","guid":{"rendered":"https:\/\/libreriaelprincipito.com\/?post_type=product&#038;p=17391"},"modified":"2026-02-18T20:44:49","modified_gmt":"2026-02-18T20:44:49","slug":"ulises","status":"publish","type":"product","link":"https:\/\/libreriaelprincipito.com\/?product=ulises","title":{"rendered":"ULISES"},"content":{"rendered":"<p>\u00abHe puesto tantos enigmas y acertijos que mantendr\u00e9 ocupados a los profesores durante siglos discutiendo sobre lo que quise decir y esa es la \u00fanica forma de asegurarse la inmortalidad de uno\u00bb Solemne, el gordo Buck Mulligan avanz\u00f3 desde la salida de la escalera, llevando un cuento de espuma de jab\u00f3n, y encima, cruzados, un espejo y una navaja. La suave brisa de la ma\u00f1ana le sosten\u00eda levemente en alto, detr\u00e1s de \u00e9l, la bata amarilla, desce\u00f1ida.<\/p>\n<p>DETALLES DEL PRODUCTO:<\/p>\n<p>ISBS: 9789585505537<\/p>\n<p>C\u00f3digo: 0<\/p>\n<p>P\u00e1ginas: 874<\/p>\n<p>Tama\u00f1o: 13.5 x 21 cm<\/p>\n","protected":false},"excerpt":{"rendered":"<p>\u00abHe puesto tantos enigmas y acertijos que mantendr\u00e9 ocupados a los profesores durante siglos discutiendo sobre lo que quise decir y esa es la \u00fanica forma de asegurarse la inmortalidad de uno\u00bb Solemne, el gordo Buck Mulligan avanz\u00f3 desde la salida de la escalera, llevando un cuento de espuma de jab\u00f3n, y encima, cruzados, un espejo y una navaja. La suave brisa de la ma\u00f1ana le sosten\u00eda levemente en alto, detr\u00e1s de \u00e9l, la bata amarilla, desce\u00f1ida.<\/p>\n","protected":false},"featured_media":18802,"comment_status":"open","ping_status":"closed","template":"","meta":[],"product_brand":[],"product_cat":[18],"product_tag":[],"class_list":{"0":"post-17391","1":"product","2":"type-product","3":"status-publish","4":"has-post-thumbnail","6":"product_cat-sin-categorizar","8":"first","9":"instock","10":"shipping-taxable","11":"purchasable","12":"product-type-simple"},"jetpack_sharing_enabled":true,"_links":{"self":[{"href":"https:\/\/libreriaelprincipito.com\/index.php?rest_route=\/wp\/v2\/product\/17391","targetHints":{"allow":["GET"]}}],"collection":[{"href":"https:\/\/libreriaelprincipito.com\/index.php?rest_route=\/wp\/v2\/product"}],"about":[{"href":"https:\/\/libreriaelprincipito.com\/index.php?rest_route=\/wp\/v2\/types\/product"}],"replies":[{"embeddable":true,"href":"https:\/\/libreriaelprincipito.com\/index.php?rest_route=%2Fwp%2Fv2%2Fcomments&post=17391"}],"version-history":[{"count":1,"href":"https:\/\/libreriaelprincipito.com\/index.php?rest_route=\/wp\/v2\/product\/17391\/revisions"}],"predecessor-version":[{"id":17423,"href":"https:\/\/libreriaelprincipito.com\/index.php?rest_route=\/wp\/v2\/product\/17391\/revisions\/17423"}],"wp:featuredmedia":[{"embeddable":true,"href":"https:\/\/libreriaelprincipito.com\/index.php?rest_route=\/wp\/v2\/media\/18802"}],"wp:attachment":[{"href":"https:\/\/libreriaelprincipito.com\/index.php?rest_route=%2Fwp%2Fv2%2Fmedia&parent=17391"}],"wp:term":[{"taxonomy":"product_brand","embeddable":true,"href":"https:\/\/libreriaelprincipito.com\/index.php?rest_route=%2Fwp%2Fv2%2Fproduct_brand&post=17391"},{"taxonomy":"product_cat","embeddable":true,"href":"https:\/\/libreriaelprincipito.com\/index.php?rest_route=%2Fwp%2Fv2%2Fproduct_cat&post=17391"},{"taxonomy":"product_tag","embeddable":true,"href":"https:\/\/libreriaelprincipito.com\/index.php?rest_route=%2Fwp%2Fv2%2Fproduct_tag&post=17391"}],"curies":[{"name":"wp","href":"https:\/\/api.w.org\/{rel}","templated":true}]}}