{"id":17392,"date":"2026-02-06T04:42:03","date_gmt":"2026-02-06T04:42:03","guid":{"rendered":"https:\/\/libreriaelprincipito.com\/?post_type=product&#038;p=17392"},"modified":"2026-02-18T20:43:41","modified_gmt":"2026-02-18T20:43:41","slug":"el-principito-bilingue","status":"publish","type":"product","link":"https:\/\/libreriaelprincipito.com\/?product=el-principito-bilingue","title":{"rendered":"EL PRINCIPITO (BILING\u00dcE)"},"content":{"rendered":"<p>La historia tiene una tem\u00e1tica filos\u00f3fica, donde se incluyen cr\u00edticas sociales dirigidas a la extra\u00f1eza con la que los adultos ven las cosas. Estas critican a las cosas importantes y al mundo de los adultos van apareciendo en el libro a lo largo de la narraci\u00f3n.<\/p>\n<p>DETALLES DEL PRODUCTO:<\/p>\n<p>ISBS: 9789585881167<\/p>\n<p>C\u00f3digo: 0<\/p>\n<p>P\u00e1ginas: 210<\/p>\n<p>Tama\u00f1o: 14 x 21 cm<\/p>\n","protected":false},"excerpt":{"rendered":"<p>La historia tiene una tem\u00e1tica filos\u00f3fica, donde se incluyen cr\u00edticas sociales dirigidas a la extra\u00f1eza con la que los adultos ven las cosas. Estas critican a las cosas importantes y al mundo de los adultos van apareciendo en el libro a lo largo de la narraci\u00f3n.<\/p>\n","protected":false},"featured_media":18801,"comment_status":"open","ping_status":"closed","template":"","meta":[],"product_brand":[],"product_cat":[18],"product_tag":[],"class_list":{"0":"post-17392","1":"product","2":"type-product","3":"status-publish","4":"has-post-thumbnail","6":"product_cat-sin-categorizar","8":"first","9":"instock","10":"shipping-taxable","11":"purchasable","12":"product-type-simple"},"jetpack_sharing_enabled":true,"_links":{"self":[{"href":"https:\/\/libreriaelprincipito.com\/index.php?rest_route=\/wp\/v2\/product\/17392","targetHints":{"allow":["GET"]}}],"collection":[{"href":"https:\/\/libreriaelprincipito.com\/index.php?rest_route=\/wp\/v2\/product"}],"about":[{"href":"https:\/\/libreriaelprincipito.com\/index.php?rest_route=\/wp\/v2\/types\/product"}],"replies":[{"embeddable":true,"href":"https:\/\/libreriaelprincipito.com\/index.php?rest_route=%2Fwp%2Fv2%2Fcomments&post=17392"}],"version-history":[{"count":1,"href":"https:\/\/libreriaelprincipito.com\/index.php?rest_route=\/wp\/v2\/product\/17392\/revisions"}],"predecessor-version":[{"id":17425,"href":"https:\/\/libreriaelprincipito.com\/index.php?rest_route=\/wp\/v2\/product\/17392\/revisions\/17425"}],"wp:featuredmedia":[{"embeddable":true,"href":"https:\/\/libreriaelprincipito.com\/index.php?rest_route=\/wp\/v2\/media\/18801"}],"wp:attachment":[{"href":"https:\/\/libreriaelprincipito.com\/index.php?rest_route=%2Fwp%2Fv2%2Fmedia&parent=17392"}],"wp:term":[{"taxonomy":"product_brand","embeddable":true,"href":"https:\/\/libreriaelprincipito.com\/index.php?rest_route=%2Fwp%2Fv2%2Fproduct_brand&post=17392"},{"taxonomy":"product_cat","embeddable":true,"href":"https:\/\/libreriaelprincipito.com\/index.php?rest_route=%2Fwp%2Fv2%2Fproduct_cat&post=17392"},{"taxonomy":"product_tag","embeddable":true,"href":"https:\/\/libreriaelprincipito.com\/index.php?rest_route=%2Fwp%2Fv2%2Fproduct_tag&post=17392"}],"curies":[{"name":"wp","href":"https:\/\/api.w.org\/{rel}","templated":true}]}}