{"id":17401,"date":"2026-02-06T04:42:04","date_gmt":"2026-02-06T04:42:04","guid":{"rendered":"https:\/\/libreriaelprincipito.com\/?post_type=product&#038;p=17401"},"modified":"2026-02-18T20:58:19","modified_gmt":"2026-02-18T20:58:19","slug":"10-cuentos-en-1-animales-grandiosos","status":"publish","type":"product","link":"https:\/\/libreriaelprincipito.com\/?product=10-cuentos-en-1-animales-grandiosos","title":{"rendered":"10 cuentos en 1 animales grandiosos"},"content":{"rendered":"<p>\u00ab\u00a1Emb\u00e1rcate en una aventura \u00e9pica con 10 Cuentos en Uno:\u00a0Animales Grandiosos!\u00a0Este libro,\u00a0ideal para ni\u00f1os de 3 a 7 a\u00f1os,\u00a0los llevar\u00e1 a un mundo lleno de animales extraordinarios y sus haza\u00f1as.\u00a0Con ilustraciones detalladas y un texto lleno de emoci\u00f3n,\u00a0los peque\u00f1os lectores aprender\u00e1n sobre diferentes especies animales mientras desarrollan su imaginaci\u00f3n y su amor por la naturaleza.\u00a0\u00a1Un regalo perfecto para cualquier ni\u00f1o que ame las historias de aventuras!\u00bb<\/p>\n<p>&nbsp;<\/p>\n<p>DETALLES DEL PRODUCTO:<\/p>\n<p>ISBS: 9789974885417<\/p>\n<p>C\u00f3digo: 106008329<\/p>\n<p>P\u00e1ginas: 16 p\u00e1ginas<\/p>\n<p>Tama\u00f1o: 20,9 x 29,7 cm. Tapa cartulina laminada. Abrochado<\/p>\n","protected":false},"excerpt":{"rendered":"<p>\u00a1Prep\u00e1rate para conocer a animales grandiosos y sus haza\u00f1as!\u00a0Un libro lleno de cuentos que despertar\u00e1n la imaginaci\u00f3n de los ni\u00f1os.<\/p>\n","protected":false},"featured_media":18813,"comment_status":"open","ping_status":"closed","template":"","meta":[],"product_brand":[],"product_cat":[74],"product_tag":[],"class_list":{"0":"post-17401","1":"product","2":"type-product","3":"status-publish","4":"has-post-thumbnail","6":"product_cat-infantil","8":"first","9":"instock","10":"shipping-taxable","11":"purchasable","12":"product-type-simple"},"jetpack_sharing_enabled":true,"_links":{"self":[{"href":"https:\/\/libreriaelprincipito.com\/index.php?rest_route=\/wp\/v2\/product\/17401","targetHints":{"allow":["GET"]}}],"collection":[{"href":"https:\/\/libreriaelprincipito.com\/index.php?rest_route=\/wp\/v2\/product"}],"about":[{"href":"https:\/\/libreriaelprincipito.com\/index.php?rest_route=\/wp\/v2\/types\/product"}],"replies":[{"embeddable":true,"href":"https:\/\/libreriaelprincipito.com\/index.php?rest_route=%2Fwp%2Fv2%2Fcomments&post=17401"}],"version-history":[{"count":1,"href":"https:\/\/libreriaelprincipito.com\/index.php?rest_route=\/wp\/v2\/product\/17401\/revisions"}],"predecessor-version":[{"id":17443,"href":"https:\/\/libreriaelprincipito.com\/index.php?rest_route=\/wp\/v2\/product\/17401\/revisions\/17443"}],"wp:featuredmedia":[{"embeddable":true,"href":"https:\/\/libreriaelprincipito.com\/index.php?rest_route=\/wp\/v2\/media\/18813"}],"wp:attachment":[{"href":"https:\/\/libreriaelprincipito.com\/index.php?rest_route=%2Fwp%2Fv2%2Fmedia&parent=17401"}],"wp:term":[{"taxonomy":"product_brand","embeddable":true,"href":"https:\/\/libreriaelprincipito.com\/index.php?rest_route=%2Fwp%2Fv2%2Fproduct_brand&post=17401"},{"taxonomy":"product_cat","embeddable":true,"href":"https:\/\/libreriaelprincipito.com\/index.php?rest_route=%2Fwp%2Fv2%2Fproduct_cat&post=17401"},{"taxonomy":"product_tag","embeddable":true,"href":"https:\/\/libreriaelprincipito.com\/index.php?rest_route=%2Fwp%2Fv2%2Fproduct_tag&post=17401"}],"curies":[{"name":"wp","href":"https:\/\/api.w.org\/{rel}","templated":true}]}}