{"id":17402,"date":"2026-02-06T04:42:04","date_gmt":"2026-02-06T04:42:04","guid":{"rendered":"https:\/\/libreriaelprincipito.com\/?post_type=product&#038;p=17402"},"modified":"2026-02-18T20:59:17","modified_gmt":"2026-02-18T20:59:17","slug":"10-cuentos-en-1-animales-increibles","status":"publish","type":"product","link":"https:\/\/libreriaelprincipito.com\/?product=10-cuentos-en-1-animales-increibles","title":{"rendered":"10 cuentos en 1 animales increibles"},"content":{"rendered":"<p>Sum\u00e9rgete en un mundo de aventuras con \u00ab10 Cuentos en Uno:\u00a0Animales Incre\u00edbles\u00bb.\u00a0Este libro colorido est\u00e1 lleno de historias m\u00e1gicas protagonizadas por animales de todo tipo.\u00a0Cada cuento es una aventura \u00fanica que despertar\u00e1 la imaginaci\u00f3n de los ni\u00f1os y los transportar\u00e1 a lugares maravillosos.\u00a0Con ilustraciones encantadoras y un lenguaje sencillo,este libro es perfecto para fomentar el amor por la lectura y la naturaleza.\u00a0\u00a1No te pierdas las aventuras de estos animales tan especiales!<\/p>\n<p>&nbsp;<\/p>\n<p>DETALLES DEL PRODUCTO:<\/p>\n<p>ISBS: 9789974885455<\/p>\n<p>C\u00f3digo: 106008323<\/p>\n<p>P\u00e1ginas: 16 p\u00e1ginas<\/p>\n<p>Tama\u00f1o: 20,9 x 29,7 cm. Tapa cartulina laminada. Abrochado<\/p>\n","protected":false},"excerpt":{"rendered":"<p>\u00a1Prep\u00e1rate para conocer a animales incre\u00edbles y sus haza\u00f1as!\u00a0Un libro lleno de cuentos que despertar\u00e1n la imaginaci\u00f3n de los ni\u00f1os.<\/p>\n","protected":false},"featured_media":18814,"comment_status":"open","ping_status":"closed","template":"","meta":[],"product_brand":[],"product_cat":[74],"product_tag":[],"class_list":{"0":"post-17402","1":"product","2":"type-product","3":"status-publish","4":"has-post-thumbnail","6":"product_cat-infantil","8":"first","9":"instock","10":"shipping-taxable","11":"purchasable","12":"product-type-simple"},"jetpack_sharing_enabled":true,"_links":{"self":[{"href":"https:\/\/libreriaelprincipito.com\/index.php?rest_route=\/wp\/v2\/product\/17402","targetHints":{"allow":["GET"]}}],"collection":[{"href":"https:\/\/libreriaelprincipito.com\/index.php?rest_route=\/wp\/v2\/product"}],"about":[{"href":"https:\/\/libreriaelprincipito.com\/index.php?rest_route=\/wp\/v2\/types\/product"}],"replies":[{"embeddable":true,"href":"https:\/\/libreriaelprincipito.com\/index.php?rest_route=%2Fwp%2Fv2%2Fcomments&post=17402"}],"version-history":[{"count":1,"href":"https:\/\/libreriaelprincipito.com\/index.php?rest_route=\/wp\/v2\/product\/17402\/revisions"}],"predecessor-version":[{"id":17445,"href":"https:\/\/libreriaelprincipito.com\/index.php?rest_route=\/wp\/v2\/product\/17402\/revisions\/17445"}],"wp:featuredmedia":[{"embeddable":true,"href":"https:\/\/libreriaelprincipito.com\/index.php?rest_route=\/wp\/v2\/media\/18814"}],"wp:attachment":[{"href":"https:\/\/libreriaelprincipito.com\/index.php?rest_route=%2Fwp%2Fv2%2Fmedia&parent=17402"}],"wp:term":[{"taxonomy":"product_brand","embeddable":true,"href":"https:\/\/libreriaelprincipito.com\/index.php?rest_route=%2Fwp%2Fv2%2Fproduct_brand&post=17402"},{"taxonomy":"product_cat","embeddable":true,"href":"https:\/\/libreriaelprincipito.com\/index.php?rest_route=%2Fwp%2Fv2%2Fproduct_cat&post=17402"},{"taxonomy":"product_tag","embeddable":true,"href":"https:\/\/libreriaelprincipito.com\/index.php?rest_route=%2Fwp%2Fv2%2Fproduct_tag&post=17402"}],"curies":[{"name":"wp","href":"https:\/\/api.w.org\/{rel}","templated":true}]}}