{"id":17403,"date":"2026-02-06T04:42:04","date_gmt":"2026-02-06T04:42:04","guid":{"rendered":"https:\/\/libreriaelprincipito.com\/?post_type=product&#038;p=17403"},"modified":"2026-02-20T21:48:15","modified_gmt":"2026-02-20T21:48:15","slug":"10-cuentos-en-1-animales-sensacionales","status":"publish","type":"product","link":"https:\/\/libreriaelprincipito.com\/?product=10-cuentos-en-1-animales-sensacionales","title":{"rendered":"10 cuentos en 1 animales sensacionales"},"content":{"rendered":"<p>\u00bfQuieres que tus hijos se diviertan mientras aprenden?\u00a0\u00a1\u00bb10 Cuentos en Uno:\u00a0Animales Sensacionales\u00bb es el libro ideal!\u00a0A trav\u00e9s de estas 10 historias,\u00a0los ni\u00f1os descubrir\u00e1n el mundo animal de una manera divertida y entretenida.\u00a0Cada cuento est\u00e1 lleno de valores como la amistad,\u00a0la valent\u00eda y la superaci\u00f3n.\u00a0\u00a1Un regalo perfecto para cualquier ni\u00f1o curioso!<\/p>\n<p>&nbsp;<\/p>\n<p>DETALLES DEL PRODUCTO:<\/p>\n<p>ISBS: 9789974885400<\/p>\n<p>C\u00f3digo: 106008325<\/p>\n<p>P\u00e1ginas: 16 p\u00e1ginas<\/p>\n<p>Tama\u00f1o: 20,9 x 29,7 cm. Tapa cartulina laminada. Abrochado<\/p>\n","protected":false},"excerpt":{"rendered":"<p>\u00a1Descubre 10 historias incre\u00edbles sobre animales asombrosos!\u00a0Aventuras llenas de emoci\u00f3n y diversi\u00f3n para los m\u00e1s peque\u00f1os.<\/p>\n","protected":false},"featured_media":18978,"comment_status":"open","ping_status":"closed","template":"","meta":[],"product_brand":[],"product_cat":[74],"product_tag":[],"class_list":{"0":"post-17403","1":"product","2":"type-product","3":"status-publish","4":"has-post-thumbnail","6":"product_cat-infantil","8":"first","9":"instock","10":"shipping-taxable","11":"purchasable","12":"product-type-simple"},"jetpack_sharing_enabled":true,"_links":{"self":[{"href":"https:\/\/libreriaelprincipito.com\/index.php?rest_route=\/wp\/v2\/product\/17403","targetHints":{"allow":["GET"]}}],"collection":[{"href":"https:\/\/libreriaelprincipito.com\/index.php?rest_route=\/wp\/v2\/product"}],"about":[{"href":"https:\/\/libreriaelprincipito.com\/index.php?rest_route=\/wp\/v2\/types\/product"}],"replies":[{"embeddable":true,"href":"https:\/\/libreriaelprincipito.com\/index.php?rest_route=%2Fwp%2Fv2%2Fcomments&post=17403"}],"version-history":[{"count":1,"href":"https:\/\/libreriaelprincipito.com\/index.php?rest_route=\/wp\/v2\/product\/17403\/revisions"}],"predecessor-version":[{"id":17447,"href":"https:\/\/libreriaelprincipito.com\/index.php?rest_route=\/wp\/v2\/product\/17403\/revisions\/17447"}],"wp:featuredmedia":[{"embeddable":true,"href":"https:\/\/libreriaelprincipito.com\/index.php?rest_route=\/wp\/v2\/media\/18978"}],"wp:attachment":[{"href":"https:\/\/libreriaelprincipito.com\/index.php?rest_route=%2Fwp%2Fv2%2Fmedia&parent=17403"}],"wp:term":[{"taxonomy":"product_brand","embeddable":true,"href":"https:\/\/libreriaelprincipito.com\/index.php?rest_route=%2Fwp%2Fv2%2Fproduct_brand&post=17403"},{"taxonomy":"product_cat","embeddable":true,"href":"https:\/\/libreriaelprincipito.com\/index.php?rest_route=%2Fwp%2Fv2%2Fproduct_cat&post=17403"},{"taxonomy":"product_tag","embeddable":true,"href":"https:\/\/libreriaelprincipito.com\/index.php?rest_route=%2Fwp%2Fv2%2Fproduct_tag&post=17403"}],"curies":[{"name":"wp","href":"https:\/\/api.w.org\/{rel}","templated":true}]}}