{"id":17406,"date":"2026-02-06T04:42:04","date_gmt":"2026-02-06T04:42:04","guid":{"rendered":"https:\/\/libreriaelprincipito.com\/?post_type=product&#038;p=17406"},"modified":"2026-02-18T21:01:09","modified_gmt":"2026-02-18T21:01:09","slug":"100-cosas-el-cuerpo-humano","status":"publish","type":"product","link":"https:\/\/libreriaelprincipito.com\/?product=100-cosas-el-cuerpo-humano","title":{"rendered":"100 cosas el cuerpo humano"},"content":{"rendered":"<p>Aqu\u00ed encontrar\u00e1s desaf\u00edos, datos divertidos, caricaturas e ilustraciones detalladas, todo acompa\u00f1ado por textos revisados por expertos.Introducirse en las distintas \u00e9pocas de las diferentes civilizaciones, en el mundo de la ciencia, la formaci\u00f3n el cuerpo humano o la conformaci\u00f3n del planeta Tierra puede ser un viaje alucinante.<\/p>\n<p>&nbsp;<\/p>\n<p>DETALLES DEL PRODUCTO:<\/p>\n<p>ISBS: 9789685938471<\/p>\n<p>C\u00f3digo: 106001686<\/p>\n<p>P\u00e1ginas: 48 p\u00e1ginas<\/p>\n<p>Tama\u00f1o:\u00a021 x 28 cm Tapa cartulina con Glitter y 5o. color fluo.<\/p>\n","protected":false},"excerpt":{"rendered":"<p>Aqu\u00ed encontrar\u00e1s desaf\u00edos, datos divertidos, caricaturas e ilustraciones detalladas, todo acompa\u00f1ado por textos revisados por expertos.Introducirse en las distintas \u00e9pocas de las diferentes civilizaciones, en el mundo de la ciencia, la formaci\u00f3n el cuerpo humano o la conformaci\u00f3n del planeta Tierra puede ser un viaje alucinante.<\/p>\n","protected":false},"featured_media":18816,"comment_status":"open","ping_status":"closed","template":"","meta":[],"product_brand":[],"product_cat":[74],"product_tag":[],"class_list":{"0":"post-17406","1":"product","2":"type-product","3":"status-publish","4":"has-post-thumbnail","6":"product_cat-infantil","8":"first","9":"instock","10":"shipping-taxable","11":"purchasable","12":"product-type-simple"},"jetpack_sharing_enabled":true,"_links":{"self":[{"href":"https:\/\/libreriaelprincipito.com\/index.php?rest_route=\/wp\/v2\/product\/17406","targetHints":{"allow":["GET"]}}],"collection":[{"href":"https:\/\/libreriaelprincipito.com\/index.php?rest_route=\/wp\/v2\/product"}],"about":[{"href":"https:\/\/libreriaelprincipito.com\/index.php?rest_route=\/wp\/v2\/types\/product"}],"replies":[{"embeddable":true,"href":"https:\/\/libreriaelprincipito.com\/index.php?rest_route=%2Fwp%2Fv2%2Fcomments&post=17406"}],"version-history":[{"count":1,"href":"https:\/\/libreriaelprincipito.com\/index.php?rest_route=\/wp\/v2\/product\/17406\/revisions"}],"predecessor-version":[{"id":17453,"href":"https:\/\/libreriaelprincipito.com\/index.php?rest_route=\/wp\/v2\/product\/17406\/revisions\/17453"}],"wp:featuredmedia":[{"embeddable":true,"href":"https:\/\/libreriaelprincipito.com\/index.php?rest_route=\/wp\/v2\/media\/18816"}],"wp:attachment":[{"href":"https:\/\/libreriaelprincipito.com\/index.php?rest_route=%2Fwp%2Fv2%2Fmedia&parent=17406"}],"wp:term":[{"taxonomy":"product_brand","embeddable":true,"href":"https:\/\/libreriaelprincipito.com\/index.php?rest_route=%2Fwp%2Fv2%2Fproduct_brand&post=17406"},{"taxonomy":"product_cat","embeddable":true,"href":"https:\/\/libreriaelprincipito.com\/index.php?rest_route=%2Fwp%2Fv2%2Fproduct_cat&post=17406"},{"taxonomy":"product_tag","embeddable":true,"href":"https:\/\/libreriaelprincipito.com\/index.php?rest_route=%2Fwp%2Fv2%2Fproduct_tag&post=17406"}],"curies":[{"name":"wp","href":"https:\/\/api.w.org\/{rel}","templated":true}]}}