{"id":17414,"date":"2026-02-06T04:42:04","date_gmt":"2026-02-06T04:42:04","guid":{"rendered":"https:\/\/libreriaelprincipito.com\/?post_type=product&#038;p=17414"},"modified":"2026-02-18T20:53:31","modified_gmt":"2026-02-18T20:53:31","slug":"365-stickers-mundo-animal-gatos","status":"publish","type":"product","link":"https:\/\/libreriaelprincipito.com\/?product=365-stickers-mundo-animal-gatos","title":{"rendered":"365 stickers mundo animal gatos"},"content":{"rendered":"<p>\u00bfA tu hijo le encantan los gatos?\u00a0\u00a1Entonces este libro es para \u00e9l!\u00a0\u00abMundo Animal:\u00a0Gatos\u00bb es una gu\u00eda completa y divertida para conocer todo sobre estos animales tan especiales.\u00a0A trav\u00e9s de las im\u00e1genes y las pegatinas,\u00a0los ni\u00f1os aprender\u00e1n sobre las diferentes partes del cuerpo de un gato,\u00a0sus h\u00e1bitos y su relaci\u00f3n con los humanos.\u00a0\u00a1Un regalo ideal para los amantes de los animales!<\/p>\n<p>&nbsp;<\/p>\n<p>DETALLES DEL PRODUCTO:<\/p>\n<p>ISBS: 9789915662305<\/p>\n<p>C\u00f3digo: 106008404<\/p>\n<p>P\u00e1ginas: 48 p\u00e1ginas<\/p>\n<p>Tama\u00f1o:\u00a021 x 28 cm Tapa cartulina con Glitter y 5o. color fluo.<\/p>\n","protected":false},"excerpt":{"rendered":"<p>\u00a1Descubre el mundo felino con este libro lleno de pegatinas!\u00a0Conoce diferentes razas de gatos,\u00a0aprende sobre sus caracter\u00edsticas y divi\u00e9rtete pegando las m\u00e1s de 365 pegatinas incluidas.<\/p>\n","protected":false},"featured_media":18809,"comment_status":"open","ping_status":"closed","template":"","meta":[],"product_brand":[],"product_cat":[18],"product_tag":[],"class_list":{"0":"post-17414","1":"product","2":"type-product","3":"status-publish","4":"has-post-thumbnail","6":"product_cat-sin-categorizar","8":"first","9":"instock","10":"shipping-taxable","11":"purchasable","12":"product-type-simple"},"jetpack_sharing_enabled":true,"_links":{"self":[{"href":"https:\/\/libreriaelprincipito.com\/index.php?rest_route=\/wp\/v2\/product\/17414","targetHints":{"allow":["GET"]}}],"collection":[{"href":"https:\/\/libreriaelprincipito.com\/index.php?rest_route=\/wp\/v2\/product"}],"about":[{"href":"https:\/\/libreriaelprincipito.com\/index.php?rest_route=\/wp\/v2\/types\/product"}],"replies":[{"embeddable":true,"href":"https:\/\/libreriaelprincipito.com\/index.php?rest_route=%2Fwp%2Fv2%2Fcomments&post=17414"}],"version-history":[{"count":1,"href":"https:\/\/libreriaelprincipito.com\/index.php?rest_route=\/wp\/v2\/product\/17414\/revisions"}],"predecessor-version":[{"id":17469,"href":"https:\/\/libreriaelprincipito.com\/index.php?rest_route=\/wp\/v2\/product\/17414\/revisions\/17469"}],"wp:featuredmedia":[{"embeddable":true,"href":"https:\/\/libreriaelprincipito.com\/index.php?rest_route=\/wp\/v2\/media\/18809"}],"wp:attachment":[{"href":"https:\/\/libreriaelprincipito.com\/index.php?rest_route=%2Fwp%2Fv2%2Fmedia&parent=17414"}],"wp:term":[{"taxonomy":"product_brand","embeddable":true,"href":"https:\/\/libreriaelprincipito.com\/index.php?rest_route=%2Fwp%2Fv2%2Fproduct_brand&post=17414"},{"taxonomy":"product_cat","embeddable":true,"href":"https:\/\/libreriaelprincipito.com\/index.php?rest_route=%2Fwp%2Fv2%2Fproduct_cat&post=17414"},{"taxonomy":"product_tag","embeddable":true,"href":"https:\/\/libreriaelprincipito.com\/index.php?rest_route=%2Fwp%2Fv2%2Fproduct_tag&post=17414"}],"curies":[{"name":"wp","href":"https:\/\/api.w.org\/{rel}","templated":true}]}}