{"id":17415,"date":"2026-02-06T04:42:05","date_gmt":"2026-02-06T04:42:05","guid":{"rendered":"https:\/\/libreriaelprincipito.com\/?post_type=product&#038;p=17415"},"modified":"2026-02-18T21:07:55","modified_gmt":"2026-02-18T21:07:55","slug":"365-stickers-mundo-animal-pequenas-mascotas","status":"publish","type":"product","link":"https:\/\/libreriaelprincipito.com\/?product=365-stickers-mundo-animal-pequenas-mascotas","title":{"rendered":"365 stickers mundo animal peque\u00f1as mascotas"},"content":{"rendered":"<p>\u00ab\u00a1Emb\u00e1rcate en una aventura con las mascotas m\u00e1s peque\u00f1as con \u00abMundo Animal:\u00a0Peque\u00f1as Mascotas\u00bb!\u00a0Este libro interactivo est\u00e1 lleno de pegatinas de alta calidad que permitir\u00e1n a los ni\u00f1os de 3 a 7 a\u00f1os crear sus propias escenas con sus animales favoritos.\u00a0Con m\u00e1s de 365 pegatinas,\u00a0los ni\u00f1os podr\u00e1n decorar las p\u00e1ginas y aprender sobre los cuidados de h\u00e1msters,\u00a0peces,\u00a0conejos y muchos m\u00e1s.\u00a0\u00a1Un regalo perfecto para estimular la creatividad y el aprendizaje!\u00bb.<\/p>\n<p>&nbsp;<\/p>\n<p>DETALLES DEL PRODUCTO:<\/p>\n<p>ISBS: 9789915662312<\/p>\n<p>C\u00f3digo: 106008405<\/p>\n<p>P\u00e1ginas: 368 p\u00e1ginas<\/p>\n<p>Tama\u00f1o: 16 x 23,5 cm. Tapa de cartulina. R\u00fastica.<\/p>\n","protected":false},"excerpt":{"rendered":"<p>\u00a1Descubre el mundo de las peque\u00f1as mascotas con este libro lleno de pegatinas!\u00a0Conoce diferentes mascotas como h\u00e1msters,\u00a0peces,\u00a0conejos y muchos m\u00e1s.\u00a0\u00a1Perfecto para los amantes de los animales peque\u00f1os!<\/p>\n","protected":false},"featured_media":18820,"comment_status":"open","ping_status":"closed","template":"","meta":[],"product_brand":[],"product_cat":[18],"product_tag":[],"class_list":{"0":"post-17415","1":"product","2":"type-product","3":"status-publish","4":"has-post-thumbnail","6":"product_cat-sin-categorizar","8":"first","9":"instock","10":"shipping-taxable","11":"purchasable","12":"product-type-simple"},"jetpack_sharing_enabled":true,"_links":{"self":[{"href":"https:\/\/libreriaelprincipito.com\/index.php?rest_route=\/wp\/v2\/product\/17415","targetHints":{"allow":["GET"]}}],"collection":[{"href":"https:\/\/libreriaelprincipito.com\/index.php?rest_route=\/wp\/v2\/product"}],"about":[{"href":"https:\/\/libreriaelprincipito.com\/index.php?rest_route=\/wp\/v2\/types\/product"}],"replies":[{"embeddable":true,"href":"https:\/\/libreriaelprincipito.com\/index.php?rest_route=%2Fwp%2Fv2%2Fcomments&post=17415"}],"version-history":[{"count":1,"href":"https:\/\/libreriaelprincipito.com\/index.php?rest_route=\/wp\/v2\/product\/17415\/revisions"}],"predecessor-version":[{"id":17471,"href":"https:\/\/libreriaelprincipito.com\/index.php?rest_route=\/wp\/v2\/product\/17415\/revisions\/17471"}],"wp:featuredmedia":[{"embeddable":true,"href":"https:\/\/libreriaelprincipito.com\/index.php?rest_route=\/wp\/v2\/media\/18820"}],"wp:attachment":[{"href":"https:\/\/libreriaelprincipito.com\/index.php?rest_route=%2Fwp%2Fv2%2Fmedia&parent=17415"}],"wp:term":[{"taxonomy":"product_brand","embeddable":true,"href":"https:\/\/libreriaelprincipito.com\/index.php?rest_route=%2Fwp%2Fv2%2Fproduct_brand&post=17415"},{"taxonomy":"product_cat","embeddable":true,"href":"https:\/\/libreriaelprincipito.com\/index.php?rest_route=%2Fwp%2Fv2%2Fproduct_cat&post=17415"},{"taxonomy":"product_tag","embeddable":true,"href":"https:\/\/libreriaelprincipito.com\/index.php?rest_route=%2Fwp%2Fv2%2Fproduct_tag&post=17415"}],"curies":[{"name":"wp","href":"https:\/\/api.w.org\/{rel}","templated":true}]}}