{"id":17481,"date":"2026-02-06T04:42:17","date_gmt":"2026-02-06T04:42:17","guid":{"rendered":"https:\/\/libreriaelprincipito.com\/?post_type=product&#038;p=17481"},"modified":"2026-02-20T17:24:30","modified_gmt":"2026-02-20T17:24:30","slug":"activos-y-en-forma-estiramientos","status":"publish","type":"product","link":"https:\/\/libreriaelprincipito.com\/?product=activos-y-en-forma-estiramientos","title":{"rendered":"ACTIVOS Y EN FORMA ESTIRAMIENTOS"},"content":{"rendered":"<p>\u00bfQuieres mejorar tu flexibilidad,\u00a0reducir el dolor muscular y aumentar tu rango de movimiento?\u00a0\u00a1\u00bbActivos y en Forma:Estiramientos\u00bb es el libro que necesitas!\u00a0Esta gu\u00eda completa te llevar\u00e1 paso a paso a trav\u00e9s de una variedad de estiramientos dise\u00f1ados para todos los niveles de condici\u00f3n f\u00edsica.<\/p>\n<p>&nbsp;<\/p>\n<p>DETALLES DEL PRODUCTO:<\/p>\n<p>ISBS: 9789974901568<\/p>\n<p>C\u00f3digo: 401005192<\/p>\n<p>&nbsp;<\/p>\n","protected":false},"excerpt":{"rendered":"<p>\u00bfListo para ser m\u00e1s flexible y sentirte mejor?\u00a0\u00abActivos y en Forma:\u00a0Estiramientos\u00bb te ofrece una gu\u00eda pr\u00e1ctica y completa para incorporar el estiramiento a tu rutina diaria.\u00a0\u00a1Mejora tu movilidad,\u00a0reduce el dolor y aumenta tu bienestar general!<\/p>\n","protected":false},"featured_media":18955,"comment_status":"open","ping_status":"closed","template":"","meta":[],"product_brand":[],"product_cat":[82],"product_tag":[],"class_list":{"0":"post-17481","1":"product","2":"type-product","3":"status-publish","4":"has-post-thumbnail","6":"product_cat-interes-general","8":"first","9":"instock","10":"shipping-taxable","11":"purchasable","12":"product-type-simple"},"jetpack_sharing_enabled":true,"_links":{"self":[{"href":"https:\/\/libreriaelprincipito.com\/index.php?rest_route=\/wp\/v2\/product\/17481","targetHints":{"allow":["GET"]}}],"collection":[{"href":"https:\/\/libreriaelprincipito.com\/index.php?rest_route=\/wp\/v2\/product"}],"about":[{"href":"https:\/\/libreriaelprincipito.com\/index.php?rest_route=\/wp\/v2\/types\/product"}],"replies":[{"embeddable":true,"href":"https:\/\/libreriaelprincipito.com\/index.php?rest_route=%2Fwp%2Fv2%2Fcomments&post=17481"}],"version-history":[{"count":1,"href":"https:\/\/libreriaelprincipito.com\/index.php?rest_route=\/wp\/v2\/product\/17481\/revisions"}],"predecessor-version":[{"id":17512,"href":"https:\/\/libreriaelprincipito.com\/index.php?rest_route=\/wp\/v2\/product\/17481\/revisions\/17512"}],"wp:featuredmedia":[{"embeddable":true,"href":"https:\/\/libreriaelprincipito.com\/index.php?rest_route=\/wp\/v2\/media\/18955"}],"wp:attachment":[{"href":"https:\/\/libreriaelprincipito.com\/index.php?rest_route=%2Fwp%2Fv2%2Fmedia&parent=17481"}],"wp:term":[{"taxonomy":"product_brand","embeddable":true,"href":"https:\/\/libreriaelprincipito.com\/index.php?rest_route=%2Fwp%2Fv2%2Fproduct_brand&post=17481"},{"taxonomy":"product_cat","embeddable":true,"href":"https:\/\/libreriaelprincipito.com\/index.php?rest_route=%2Fwp%2Fv2%2Fproduct_cat&post=17481"},{"taxonomy":"product_tag","embeddable":true,"href":"https:\/\/libreriaelprincipito.com\/index.php?rest_route=%2Fwp%2Fv2%2Fproduct_tag&post=17481"}],"curies":[{"name":"wp","href":"https:\/\/api.w.org\/{rel}","templated":true}]}}