{"id":17487,"date":"2026-02-06T04:42:17","date_gmt":"2026-02-06T04:42:17","guid":{"rendered":"https:\/\/libreriaelprincipito.com\/?post_type=product&#038;p=17487"},"modified":"2026-02-18T21:28:46","modified_gmt":"2026-02-18T21:28:46","slug":"animaladas-el-valiente-tino","status":"publish","type":"product","link":"https:\/\/libreriaelprincipito.com\/?product=animaladas-el-valiente-tino","title":{"rendered":"Animaladas El valiente Tino"},"content":{"rendered":"<p>En este libro,\u00a0encontrar\u00e1s una detallada explicaci\u00f3n de los principios fundamentales del Pilates,\u00a0as\u00ed como una variedad de ejercicios dise\u00f1ados para todos los niveles de condici\u00f3n f\u00edsica.<\/p>\n<p>&nbsp;<\/p>\n<p>DETALLES DEL PRODUCTO:<\/p>\n<p>ISBS: 9789915677644<\/p>\n<p>C\u00f3digo: 106008597<\/p>\n<p>P\u00e1ginas: 8 p\u00e1ginas PVC<\/p>\n<p>Tama\u00f1o: 11,5 x 13 cm. Tapa de PVC.<\/p>\n","protected":false},"excerpt":{"rendered":"<p>\u00a1Aventuras acu\u00e1ticas con Tino!\u00a0Este libro de ba\u00f1o lleno de color y diversi\u00f3n es perfecto para los m\u00e1s peque\u00f1os.\u00a1Sum\u00e9rgete en un mundo submarino con Tino la tortuga y sus amigos!<\/p>\n","protected":false},"featured_media":18836,"comment_status":"open","ping_status":"closed","template":"","meta":[],"product_brand":[],"product_cat":[81],"product_tag":[],"class_list":{"0":"post-17487","1":"product","2":"type-product","3":"status-publish","4":"has-post-thumbnail","6":"product_cat-plan-lector","8":"first","9":"instock","10":"shipping-taxable","11":"purchasable","12":"product-type-simple"},"jetpack_sharing_enabled":true,"_links":{"self":[{"href":"https:\/\/libreriaelprincipito.com\/index.php?rest_route=\/wp\/v2\/product\/17487","targetHints":{"allow":["GET"]}}],"collection":[{"href":"https:\/\/libreriaelprincipito.com\/index.php?rest_route=\/wp\/v2\/product"}],"about":[{"href":"https:\/\/libreriaelprincipito.com\/index.php?rest_route=\/wp\/v2\/types\/product"}],"replies":[{"embeddable":true,"href":"https:\/\/libreriaelprincipito.com\/index.php?rest_route=%2Fwp%2Fv2%2Fcomments&post=17487"}],"version-history":[{"count":1,"href":"https:\/\/libreriaelprincipito.com\/index.php?rest_route=\/wp\/v2\/product\/17487\/revisions"}],"predecessor-version":[{"id":17524,"href":"https:\/\/libreriaelprincipito.com\/index.php?rest_route=\/wp\/v2\/product\/17487\/revisions\/17524"}],"wp:featuredmedia":[{"embeddable":true,"href":"https:\/\/libreriaelprincipito.com\/index.php?rest_route=\/wp\/v2\/media\/18836"}],"wp:attachment":[{"href":"https:\/\/libreriaelprincipito.com\/index.php?rest_route=%2Fwp%2Fv2%2Fmedia&parent=17487"}],"wp:term":[{"taxonomy":"product_brand","embeddable":true,"href":"https:\/\/libreriaelprincipito.com\/index.php?rest_route=%2Fwp%2Fv2%2Fproduct_brand&post=17487"},{"taxonomy":"product_cat","embeddable":true,"href":"https:\/\/libreriaelprincipito.com\/index.php?rest_route=%2Fwp%2Fv2%2Fproduct_cat&post=17487"},{"taxonomy":"product_tag","embeddable":true,"href":"https:\/\/libreriaelprincipito.com\/index.php?rest_route=%2Fwp%2Fv2%2Fproduct_tag&post=17487"}],"curies":[{"name":"wp","href":"https:\/\/api.w.org\/{rel}","templated":true}]}}