{"id":17587,"date":"2026-02-06T04:42:26","date_gmt":"2026-02-06T04:42:26","guid":{"rendered":"https:\/\/libreriaelprincipito.com\/?post_type=product&#038;p=17587"},"modified":"2026-02-18T21:39:51","modified_gmt":"2026-02-18T21:39:51","slug":"bruny-vamos-a-hacer-amigos","status":"publish","type":"product","link":"https:\/\/libreriaelprincipito.com\/?product=bruny-vamos-a-hacer-amigos","title":{"rendered":"Bruny vamos a hacer amigos"},"content":{"rendered":"<p>S\u00fabete a bordo de una aventura de aprendizaje con Bruny,\u00a0el conejo m\u00e1s curioso del bosque.\u00a0Este libro interactivo lleno de sorpresas te invita a explorar un mundo lleno de colores,\u00a0n\u00fameros y nuevos amigos.<\/p>\n<p>&nbsp;<\/p>\n<p>DETALLES DEL PRODUCTO:<\/p>\n<p>ISBS: 9789974749344<\/p>\n<p>C\u00f3digo: 401000031<\/p>\n<p>&nbsp;<\/p>\n","protected":false},"excerpt":{"rendered":"<p>\u00a1Descubre el mundo con Bruny!\u00a0Este libro interactivo con l\u00e1minas pop-up es perfecto para los m\u00e1s peque\u00f1os.\u00a0\u00a1Aprender n\u00fameros,\u00a0colores y hacer nuevos amigos nunca fue tan divertido!<\/p>\n","protected":false},"featured_media":18847,"comment_status":"open","ping_status":"closed","template":"","meta":[],"product_brand":[],"product_cat":[74],"product_tag":[],"class_list":{"0":"post-17587","1":"product","2":"type-product","3":"status-publish","4":"has-post-thumbnail","6":"product_cat-infantil","8":"first","9":"instock","10":"shipping-taxable","11":"purchasable","12":"product-type-simple"},"jetpack_sharing_enabled":true,"_links":{"self":[{"href":"https:\/\/libreriaelprincipito.com\/index.php?rest_route=\/wp\/v2\/product\/17587","targetHints":{"allow":["GET"]}}],"collection":[{"href":"https:\/\/libreriaelprincipito.com\/index.php?rest_route=\/wp\/v2\/product"}],"about":[{"href":"https:\/\/libreriaelprincipito.com\/index.php?rest_route=\/wp\/v2\/types\/product"}],"replies":[{"embeddable":true,"href":"https:\/\/libreriaelprincipito.com\/index.php?rest_route=%2Fwp%2Fv2%2Fcomments&post=17587"}],"version-history":[{"count":1,"href":"https:\/\/libreriaelprincipito.com\/index.php?rest_route=\/wp\/v2\/product\/17587\/revisions"}],"predecessor-version":[{"id":17620,"href":"https:\/\/libreriaelprincipito.com\/index.php?rest_route=\/wp\/v2\/product\/17587\/revisions\/17620"}],"wp:featuredmedia":[{"embeddable":true,"href":"https:\/\/libreriaelprincipito.com\/index.php?rest_route=\/wp\/v2\/media\/18847"}],"wp:attachment":[{"href":"https:\/\/libreriaelprincipito.com\/index.php?rest_route=%2Fwp%2Fv2%2Fmedia&parent=17587"}],"wp:term":[{"taxonomy":"product_brand","embeddable":true,"href":"https:\/\/libreriaelprincipito.com\/index.php?rest_route=%2Fwp%2Fv2%2Fproduct_brand&post=17587"},{"taxonomy":"product_cat","embeddable":true,"href":"https:\/\/libreriaelprincipito.com\/index.php?rest_route=%2Fwp%2Fv2%2Fproduct_cat&post=17587"},{"taxonomy":"product_tag","embeddable":true,"href":"https:\/\/libreriaelprincipito.com\/index.php?rest_route=%2Fwp%2Fv2%2Fproduct_tag&post=17587"}],"curies":[{"name":"wp","href":"https:\/\/api.w.org\/{rel}","templated":true}]}}