{"id":17588,"date":"2026-02-06T04:42:26","date_gmt":"2026-02-06T04:42:26","guid":{"rendered":"https:\/\/libreriaelprincipito.com\/?post_type=product&#038;p=17588"},"modified":"2026-02-18T21:36:41","modified_gmt":"2026-02-18T21:36:41","slug":"caballeros-y-castillos-tapa-dura","status":"publish","type":"product","link":"https:\/\/libreriaelprincipito.com\/?product=caballeros-y-castillos-tapa-dura","title":{"rendered":"Caballeros y castillos tapa dura"},"content":{"rendered":"<p>\u00bfAlguna vez has so\u00f1ado con ser un valiente caballero o una princesa de un castillo medieval?\u00a0Este libro te transportar\u00e1 a una \u00e9poca de h\u00e9roes,\u00a0armaduras brillantes y aventuras emocionantes.\u00a0\u00abCaballeros y Castillos\u00bb te revelar\u00e1 los misterios de un mundo perdido,\u00a0lleno de magia y caballerosidad.<\/p>\n<p>&nbsp;<\/p>\n<p>DETALLES DEL PRODUCTO:<\/p>\n<p>ISBS: 9789974684034<\/p>\n<p>C\u00f3digo: 102003600<\/p>\n<p>&nbsp;<\/p>\n","protected":false},"excerpt":{"rendered":"<p>Descubre los secretos de la Edad Media con este libro lleno de ilustraciones y relatos emocionantes.\u00a0Perfecto para los amantes de la historia y la fantas\u00eda.<\/p>\n","protected":false},"featured_media":18844,"comment_status":"open","ping_status":"closed","template":"","meta":[],"product_brand":[],"product_cat":[74],"product_tag":[],"class_list":{"0":"post-17588","1":"product","2":"type-product","3":"status-publish","4":"has-post-thumbnail","6":"product_cat-infantil","8":"first","9":"instock","10":"shipping-taxable","11":"purchasable","12":"product-type-simple"},"jetpack_sharing_enabled":true,"_links":{"self":[{"href":"https:\/\/libreriaelprincipito.com\/index.php?rest_route=\/wp\/v2\/product\/17588","targetHints":{"allow":["GET"]}}],"collection":[{"href":"https:\/\/libreriaelprincipito.com\/index.php?rest_route=\/wp\/v2\/product"}],"about":[{"href":"https:\/\/libreriaelprincipito.com\/index.php?rest_route=\/wp\/v2\/types\/product"}],"replies":[{"embeddable":true,"href":"https:\/\/libreriaelprincipito.com\/index.php?rest_route=%2Fwp%2Fv2%2Fcomments&post=17588"}],"version-history":[{"count":1,"href":"https:\/\/libreriaelprincipito.com\/index.php?rest_route=\/wp\/v2\/product\/17588\/revisions"}],"predecessor-version":[{"id":17622,"href":"https:\/\/libreriaelprincipito.com\/index.php?rest_route=\/wp\/v2\/product\/17588\/revisions\/17622"}],"wp:featuredmedia":[{"embeddable":true,"href":"https:\/\/libreriaelprincipito.com\/index.php?rest_route=\/wp\/v2\/media\/18844"}],"wp:attachment":[{"href":"https:\/\/libreriaelprincipito.com\/index.php?rest_route=%2Fwp%2Fv2%2Fmedia&parent=17588"}],"wp:term":[{"taxonomy":"product_brand","embeddable":true,"href":"https:\/\/libreriaelprincipito.com\/index.php?rest_route=%2Fwp%2Fv2%2Fproduct_brand&post=17588"},{"taxonomy":"product_cat","embeddable":true,"href":"https:\/\/libreriaelprincipito.com\/index.php?rest_route=%2Fwp%2Fv2%2Fproduct_cat&post=17588"},{"taxonomy":"product_tag","embeddable":true,"href":"https:\/\/libreriaelprincipito.com\/index.php?rest_route=%2Fwp%2Fv2%2Fproduct_tag&post=17588"}],"curies":[{"name":"wp","href":"https:\/\/api.w.org\/{rel}","templated":true}]}}