{"id":17590,"date":"2026-02-06T04:42:26","date_gmt":"2026-02-06T04:42:26","guid":{"rendered":"https:\/\/libreriaelprincipito.com\/?post_type=product&#038;p=17590"},"modified":"2026-02-18T21:34:49","modified_gmt":"2026-02-18T21:34:49","slug":"camille-esta-enojada","status":"publish","type":"product","link":"https:\/\/libreriaelprincipito.com\/?product=camille-esta-enojada","title":{"rendered":"Camille esta enojada"},"content":{"rendered":"<p>\u00a1Camille est\u00e1 muy enojado!\u00a0\u00bfSabes por qu\u00e9?\u00a0Acomp\u00e1\u00f1ala en esta divertida aventura y descubre c\u00f3mo aprende a controlar sus emociones.\u00a0Con ilustraciones coloridas y una historia sencilla,\u00a0este libro ayudar\u00e1 a los m\u00e1s peque\u00f1os a entender y expresar sus sentimientos de manera sana.<\/p>\n<p>&nbsp;<\/p>\n<p>DETALLES DEL PRODUCTO:<\/p>\n<p>ISBS: 9789974886735<\/p>\n<p>C\u00f3digo: 401000018<\/p>\n<p>&nbsp;<\/p>\n","protected":false},"excerpt":{"rendered":"<p>\u00a1Cuando Camille se enoja,\u00a0\u00a1todo cambia!\u00a0Una historia divertida para aprender a controlar las emociones.<\/p>\n","protected":false},"featured_media":18842,"comment_status":"open","ping_status":"closed","template":"","meta":[],"product_brand":[],"product_cat":[74],"product_tag":[],"class_list":{"0":"post-17590","1":"product","2":"type-product","3":"status-publish","4":"has-post-thumbnail","6":"product_cat-infantil","8":"first","9":"instock","10":"shipping-taxable","11":"purchasable","12":"product-type-simple"},"jetpack_sharing_enabled":true,"_links":{"self":[{"href":"https:\/\/libreriaelprincipito.com\/index.php?rest_route=\/wp\/v2\/product\/17590","targetHints":{"allow":["GET"]}}],"collection":[{"href":"https:\/\/libreriaelprincipito.com\/index.php?rest_route=\/wp\/v2\/product"}],"about":[{"href":"https:\/\/libreriaelprincipito.com\/index.php?rest_route=\/wp\/v2\/types\/product"}],"replies":[{"embeddable":true,"href":"https:\/\/libreriaelprincipito.com\/index.php?rest_route=%2Fwp%2Fv2%2Fcomments&post=17590"}],"version-history":[{"count":1,"href":"https:\/\/libreriaelprincipito.com\/index.php?rest_route=\/wp\/v2\/product\/17590\/revisions"}],"predecessor-version":[{"id":17626,"href":"https:\/\/libreriaelprincipito.com\/index.php?rest_route=\/wp\/v2\/product\/17590\/revisions\/17626"}],"wp:featuredmedia":[{"embeddable":true,"href":"https:\/\/libreriaelprincipito.com\/index.php?rest_route=\/wp\/v2\/media\/18842"}],"wp:attachment":[{"href":"https:\/\/libreriaelprincipito.com\/index.php?rest_route=%2Fwp%2Fv2%2Fmedia&parent=17590"}],"wp:term":[{"taxonomy":"product_brand","embeddable":true,"href":"https:\/\/libreriaelprincipito.com\/index.php?rest_route=%2Fwp%2Fv2%2Fproduct_brand&post=17590"},{"taxonomy":"product_cat","embeddable":true,"href":"https:\/\/libreriaelprincipito.com\/index.php?rest_route=%2Fwp%2Fv2%2Fproduct_cat&post=17590"},{"taxonomy":"product_tag","embeddable":true,"href":"https:\/\/libreriaelprincipito.com\/index.php?rest_route=%2Fwp%2Fv2%2Fproduct_tag&post=17590"}],"curies":[{"name":"wp","href":"https:\/\/api.w.org\/{rel}","templated":true}]}}