{"id":17629,"date":"2026-02-06T04:42:30","date_gmt":"2026-02-06T04:42:30","guid":{"rendered":"https:\/\/libreriaelprincipito.com\/?post_type=product&#038;p=17629"},"modified":"2026-03-06T14:09:09","modified_gmt":"2026-03-06T14:09:09","slug":"camille-hace-una-travesura","status":"publish","type":"product","link":"https:\/\/libreriaelprincipito.com\/?product=camille-hace-una-travesura","title":{"rendered":"Camille hace una travesura"},"content":{"rendered":"<p>\u00a1Camille es un ni\u00f1o muy curioso!\u00a0Un d\u00eda,\u00a0mientras juega en el jard\u00edn,\u00a0decide hacer algo que no debe&#8230;\u00a0\u00a1una travesura!\u00bfQu\u00e9 pasar\u00e1 despu\u00e9s?\u00a0Acomp\u00e1\u00f1alo en esta divertida aventura y descubre c\u00f3mo aprende de sus errores.\u00a0Con ilustraciones coloridas y una historia sencilla,\u00a0este libro ayudar\u00e1 a los m\u00e1s peque\u00f1os a entender la importancia de obedecer y de pedir perd\u00f3n.<\/p>\n<p>&nbsp;<\/p>\n<p>DETALLES DEL PRODUCTO:<\/p>\n<p>ISBS: 9789974886698<\/p>\n<p>C\u00f3digo: 401000016<\/p>\n<p>&nbsp;<\/p>\n","protected":false},"excerpt":{"rendered":"<p>\u00a1Camille se mete en un l\u00edo!\u00a0Una historia divertida para aprender sobre las consecuencias de nuestras acciones.<\/p>\n","protected":false},"featured_media":19133,"comment_status":"open","ping_status":"closed","template":"","meta":[],"product_brand":[],"product_cat":[74],"product_tag":[],"class_list":{"0":"post-17629","1":"product","2":"type-product","3":"status-publish","4":"has-post-thumbnail","6":"product_cat-infantil","8":"first","9":"instock","10":"shipping-taxable","11":"purchasable","12":"product-type-simple"},"jetpack_sharing_enabled":true,"_links":{"self":[{"href":"https:\/\/libreriaelprincipito.com\/index.php?rest_route=\/wp\/v2\/product\/17629","targetHints":{"allow":["GET"]}}],"collection":[{"href":"https:\/\/libreriaelprincipito.com\/index.php?rest_route=\/wp\/v2\/product"}],"about":[{"href":"https:\/\/libreriaelprincipito.com\/index.php?rest_route=\/wp\/v2\/types\/product"}],"replies":[{"embeddable":true,"href":"https:\/\/libreriaelprincipito.com\/index.php?rest_route=%2Fwp%2Fv2%2Fcomments&post=17629"}],"version-history":[{"count":1,"href":"https:\/\/libreriaelprincipito.com\/index.php?rest_route=\/wp\/v2\/product\/17629\/revisions"}],"predecessor-version":[{"id":17660,"href":"https:\/\/libreriaelprincipito.com\/index.php?rest_route=\/wp\/v2\/product\/17629\/revisions\/17660"}],"wp:featuredmedia":[{"embeddable":true,"href":"https:\/\/libreriaelprincipito.com\/index.php?rest_route=\/wp\/v2\/media\/19133"}],"wp:attachment":[{"href":"https:\/\/libreriaelprincipito.com\/index.php?rest_route=%2Fwp%2Fv2%2Fmedia&parent=17629"}],"wp:term":[{"taxonomy":"product_brand","embeddable":true,"href":"https:\/\/libreriaelprincipito.com\/index.php?rest_route=%2Fwp%2Fv2%2Fproduct_brand&post=17629"},{"taxonomy":"product_cat","embeddable":true,"href":"https:\/\/libreriaelprincipito.com\/index.php?rest_route=%2Fwp%2Fv2%2Fproduct_cat&post=17629"},{"taxonomy":"product_tag","embeddable":true,"href":"https:\/\/libreriaelprincipito.com\/index.php?rest_route=%2Fwp%2Fv2%2Fproduct_tag&post=17629"}],"curies":[{"name":"wp","href":"https:\/\/api.w.org\/{rel}","templated":true}]}}