{"id":17631,"date":"2026-02-06T04:42:31","date_gmt":"2026-02-06T04:42:31","guid":{"rendered":"https:\/\/libreriaelprincipito.com\/?post_type=product&#038;p=17631"},"modified":"2026-03-06T14:12:03","modified_gmt":"2026-03-06T14:12:03","slug":"camille-no-se-quiere-banar","status":"publish","type":"product","link":"https:\/\/libreriaelprincipito.com\/?product=camille-no-se-quiere-banar","title":{"rendered":"Camille no se quiere ba\u00f1ar"},"content":{"rendered":"<p>\u00a1A Camille no le gusta nada ba\u00f1arse!\u00a0Prefiere jugar con sus juguetes y explorar el mundo.\u00a0\u00bfPodr\u00e1s convencerlo de que es hora de ponerse limpio?\u00a0Acomp\u00e1\u00f1alo en esta divertida aventura y descubre c\u00f3mo hacer que la hora del ba\u00f1o sea m\u00e1s divertida.\u00a0Con ilustraciones coloridas y una historia sencilla,\u00a0este libro ayudar\u00e1 a los m\u00e1s peque\u00f1os a superar su miedo al agua y a disfrutar de un ba\u00f1o refrescante.<\/p>\n<p>&nbsp;<\/p>\n<p>DETALLES DEL PRODUCTO:<\/p>\n<p>ISBS: 9789974886643<\/p>\n<p>C\u00f3digo: 401000012<\/p>\n<p>&nbsp;<\/p>\n","protected":false},"excerpt":{"rendered":"<p>\u00a1Camille odia ba\u00f1arse!\u00a0\u00bfPodr\u00e1s convencerlo?\u00a0Una historia divertida para los m\u00e1s peque\u00f1os.<\/p>\n","protected":false},"featured_media":19135,"comment_status":"open","ping_status":"closed","template":"","meta":[],"product_brand":[],"product_cat":[74],"product_tag":[],"class_list":{"0":"post-17631","1":"product","2":"type-product","3":"status-publish","4":"has-post-thumbnail","6":"product_cat-infantil","8":"first","9":"instock","10":"shipping-taxable","11":"purchasable","12":"product-type-simple"},"jetpack_sharing_enabled":true,"_links":{"self":[{"href":"https:\/\/libreriaelprincipito.com\/index.php?rest_route=\/wp\/v2\/product\/17631","targetHints":{"allow":["GET"]}}],"collection":[{"href":"https:\/\/libreriaelprincipito.com\/index.php?rest_route=\/wp\/v2\/product"}],"about":[{"href":"https:\/\/libreriaelprincipito.com\/index.php?rest_route=\/wp\/v2\/types\/product"}],"replies":[{"embeddable":true,"href":"https:\/\/libreriaelprincipito.com\/index.php?rest_route=%2Fwp%2Fv2%2Fcomments&post=17631"}],"version-history":[{"count":1,"href":"https:\/\/libreriaelprincipito.com\/index.php?rest_route=\/wp\/v2\/product\/17631\/revisions"}],"predecessor-version":[{"id":17664,"href":"https:\/\/libreriaelprincipito.com\/index.php?rest_route=\/wp\/v2\/product\/17631\/revisions\/17664"}],"wp:featuredmedia":[{"embeddable":true,"href":"https:\/\/libreriaelprincipito.com\/index.php?rest_route=\/wp\/v2\/media\/19135"}],"wp:attachment":[{"href":"https:\/\/libreriaelprincipito.com\/index.php?rest_route=%2Fwp%2Fv2%2Fmedia&parent=17631"}],"wp:term":[{"taxonomy":"product_brand","embeddable":true,"href":"https:\/\/libreriaelprincipito.com\/index.php?rest_route=%2Fwp%2Fv2%2Fproduct_brand&post=17631"},{"taxonomy":"product_cat","embeddable":true,"href":"https:\/\/libreriaelprincipito.com\/index.php?rest_route=%2Fwp%2Fv2%2Fproduct_cat&post=17631"},{"taxonomy":"product_tag","embeddable":true,"href":"https:\/\/libreriaelprincipito.com\/index.php?rest_route=%2Fwp%2Fv2%2Fproduct_tag&post=17631"}],"curies":[{"name":"wp","href":"https:\/\/api.w.org\/{rel}","templated":true}]}}