{"id":17634,"date":"2026-02-06T04:42:31","date_gmt":"2026-02-06T04:42:31","guid":{"rendered":"https:\/\/libreriaelprincipito.com\/?post_type=product&#038;p=17634"},"modified":"2026-02-18T21:57:08","modified_gmt":"2026-02-18T21:57:08","slug":"camille-tiene-una-pesadilla","status":"publish","type":"product","link":"https:\/\/libreriaelprincipito.com\/?product=camille-tiene-una-pesadilla","title":{"rendered":"Camille tiene una pesadilla"},"content":{"rendered":"<p>\u00a1Camille tuvo un sue\u00f1o muy raro y un poco asustadizo!\u00a0\u00bfQu\u00e9 habr\u00e1 so\u00f1ado?\u00a0Acomp\u00e1\u00f1alo en esta aventura nocturna y descubre c\u00f3mo supera su miedo.\u00a0Con ilustraciones coloridas y una historia sencilla,\u00a0este libro ayudar\u00e1 a los m\u00e1s peque\u00f1os a entender que los sue\u00f1os son solo sue\u00f1os y que no hay que tener miedo.<\/p>\n<p>&nbsp;<\/p>\n<p>DETALLES DEL PRODUCTO:<\/p>\n<p>ISBS: 9789974886704<\/p>\n<p>C\u00f3digo: 401000017<\/p>\n","protected":false},"excerpt":{"rendered":"<p>\u00a1Camille tuvo una pesadilla!\u00a0\u00bfC\u00f3mo la superar\u00e1?\u00a0Una historia tierna para los m\u00e1s peque\u00f1os.<\/p>\n","protected":false},"featured_media":18859,"comment_status":"open","ping_status":"closed","template":"","meta":[],"product_brand":[],"product_cat":[74],"product_tag":[],"class_list":{"0":"post-17634","1":"product","2":"type-product","3":"status-publish","4":"has-post-thumbnail","6":"product_cat-infantil","8":"first","9":"instock","10":"shipping-taxable","11":"purchasable","12":"product-type-simple"},"jetpack_sharing_enabled":true,"_links":{"self":[{"href":"https:\/\/libreriaelprincipito.com\/index.php?rest_route=\/wp\/v2\/product\/17634","targetHints":{"allow":["GET"]}}],"collection":[{"href":"https:\/\/libreriaelprincipito.com\/index.php?rest_route=\/wp\/v2\/product"}],"about":[{"href":"https:\/\/libreriaelprincipito.com\/index.php?rest_route=\/wp\/v2\/types\/product"}],"replies":[{"embeddable":true,"href":"https:\/\/libreriaelprincipito.com\/index.php?rest_route=%2Fwp%2Fv2%2Fcomments&post=17634"}],"version-history":[{"count":1,"href":"https:\/\/libreriaelprincipito.com\/index.php?rest_route=\/wp\/v2\/product\/17634\/revisions"}],"predecessor-version":[{"id":17670,"href":"https:\/\/libreriaelprincipito.com\/index.php?rest_route=\/wp\/v2\/product\/17634\/revisions\/17670"}],"wp:featuredmedia":[{"embeddable":true,"href":"https:\/\/libreriaelprincipito.com\/index.php?rest_route=\/wp\/v2\/media\/18859"}],"wp:attachment":[{"href":"https:\/\/libreriaelprincipito.com\/index.php?rest_route=%2Fwp%2Fv2%2Fmedia&parent=17634"}],"wp:term":[{"taxonomy":"product_brand","embeddable":true,"href":"https:\/\/libreriaelprincipito.com\/index.php?rest_route=%2Fwp%2Fv2%2Fproduct_brand&post=17634"},{"taxonomy":"product_cat","embeddable":true,"href":"https:\/\/libreriaelprincipito.com\/index.php?rest_route=%2Fwp%2Fv2%2Fproduct_cat&post=17634"},{"taxonomy":"product_tag","embeddable":true,"href":"https:\/\/libreriaelprincipito.com\/index.php?rest_route=%2Fwp%2Fv2%2Fproduct_tag&post=17634"}],"curies":[{"name":"wp","href":"https:\/\/api.w.org\/{rel}","templated":true}]}}