{"id":17642,"date":"2026-02-06T04:42:31","date_gmt":"2026-02-06T04:42:31","guid":{"rendered":"https:\/\/libreriaelprincipito.com\/?post_type=product&#038;p=17642"},"modified":"2026-02-18T21:46:57","modified_gmt":"2026-02-18T21:46:57","slug":"principito-edicion-de-lujo","status":"publish","type":"product","link":"https:\/\/libreriaelprincipito.com\/?product=principito-edicion-de-lujo","title":{"rendered":"Principito Edici\u00f3n de Lujo"},"content":{"rendered":"<p>Una aver\u00eda obliga a un piloto a aterrizar en el desierto del Sahara, donde conoce a un ni\u00f1o extraordinario: el Principito, que ha viajado desde un peque\u00f1o asteroide lejano. A trav\u00e9s de sus conversaciones, esta historia atemporal explora con sencillez y profundidad temas universales como la amistad, la inocencia perdida y la cr\u00edtica a la vanidad adulta. Escrita e ilustrada por Antoine de Saint-Exup\u00e9ry, esta obra maestra combina un estilo elegante con emotivas acuarelas originales del autor, ofreciendo una experiencia de lectura que cautiva tanto a ni\u00f1os como a adultos desde su publicaci\u00f3n.<\/p>\n<p>&nbsp;<\/p>\n<p>DETALLES DEL PRODUCTO:<\/p>\n<p>Tama\u00f1o: 28,5 x 24,5<br \/>\nP\u00e1ginas: 126.<br \/>\nEDICION LUJO: Carton\u00e9 cubierta plastificada brillante, Acolchada.<br \/>\nPaginas interiores policromoa Propalcote 150 gramos<\/p>\n<p>&nbsp;<\/p>\n","protected":false},"excerpt":{"rendered":"<p>\u00a1Aplaude,\u00a0r\u00ede y canta con \u00abMuchas ganas de aplaudir\u00bb!\u00a0Un libro interactivo lleno de diversi\u00f3n para los m\u00e1s peque\u00f1os.<\/p>\n","protected":false},"featured_media":18852,"comment_status":"open","ping_status":"closed","template":"","meta":[],"product_brand":[],"product_cat":[74,75],"product_tag":[],"class_list":{"0":"post-17642","1":"product","2":"type-product","3":"status-publish","4":"has-post-thumbnail","6":"product_cat-infantil","7":"product_cat-literatura","9":"first","10":"instock","11":"shipping-taxable","12":"purchasable","13":"product-type-simple"},"jetpack_sharing_enabled":true,"_links":{"self":[{"href":"https:\/\/libreriaelprincipito.com\/index.php?rest_route=\/wp\/v2\/product\/17642","targetHints":{"allow":["GET"]}}],"collection":[{"href":"https:\/\/libreriaelprincipito.com\/index.php?rest_route=\/wp\/v2\/product"}],"about":[{"href":"https:\/\/libreriaelprincipito.com\/index.php?rest_route=\/wp\/v2\/types\/product"}],"replies":[{"embeddable":true,"href":"https:\/\/libreriaelprincipito.com\/index.php?rest_route=%2Fwp%2Fv2%2Fcomments&post=17642"}],"version-history":[{"count":1,"href":"https:\/\/libreriaelprincipito.com\/index.php?rest_route=\/wp\/v2\/product\/17642\/revisions"}],"predecessor-version":[{"id":17685,"href":"https:\/\/libreriaelprincipito.com\/index.php?rest_route=\/wp\/v2\/product\/17642\/revisions\/17685"}],"wp:featuredmedia":[{"embeddable":true,"href":"https:\/\/libreriaelprincipito.com\/index.php?rest_route=\/wp\/v2\/media\/18852"}],"wp:attachment":[{"href":"https:\/\/libreriaelprincipito.com\/index.php?rest_route=%2Fwp%2Fv2%2Fmedia&parent=17642"}],"wp:term":[{"taxonomy":"product_brand","embeddable":true,"href":"https:\/\/libreriaelprincipito.com\/index.php?rest_route=%2Fwp%2Fv2%2Fproduct_brand&post=17642"},{"taxonomy":"product_cat","embeddable":true,"href":"https:\/\/libreriaelprincipito.com\/index.php?rest_route=%2Fwp%2Fv2%2Fproduct_cat&post=17642"},{"taxonomy":"product_tag","embeddable":true,"href":"https:\/\/libreriaelprincipito.com\/index.php?rest_route=%2Fwp%2Fv2%2Fproduct_tag&post=17642"}],"curies":[{"name":"wp","href":"https:\/\/api.w.org\/{rel}","templated":true}]}}