{"id":18398,"date":"2026-02-10T14:19:10","date_gmt":"2026-02-10T14:19:10","guid":{"rendered":"https:\/\/libreriaelprincipito.com\/?post_type=product&#038;p=18398"},"modified":"2026-02-20T14:00:50","modified_gmt":"2026-02-20T14:00:50","slug":"nacho-aprende-y-escribe-d","status":"publish","type":"product","link":"https:\/\/libreriaelprincipito.com\/?product=nacho-aprende-y-escribe-d","title":{"rendered":"Nacho aprende y escribe D"},"content":{"rendered":"<p data-start=\"404\" data-end=\"711\"><strong data-start=\"404\" data-end=\"433\">Nacho Aprende y Escribe D<\/strong> es un material did\u00e1ctico dise\u00f1ado para apoyar el proceso de lectoescritura en ni\u00f1os de nivel preescolar y primeros grados de primaria. Este cuaderno se enfoca en el aprendizaje de la letra <strong data-start=\"623\" data-end=\"628\">D<\/strong>, ense\u00f1ando su forma, sonido y correcta escritura de manera progresiva y divertida.<\/p>\n<p data-start=\"713\" data-end=\"1057\">A trav\u00e9s de ejercicios pr\u00e1cticos, actividades de colorear, juegos de observaci\u00f3n y asociaci\u00f3n, el libro estimula el desarrollo de la motricidad fina, la coordinaci\u00f3n mano-ojo y la comprensi\u00f3n lectora inicial. Sus ilustraciones coloridas y personajes amigables hacen que el aprendizaje sea ameno, despertando el inter\u00e9s y la curiosidad del ni\u00f1o.<\/p>\n<p>DETALLES DEL PRODUCTO<\/p>\n<p>ISBN: 9789580715887<\/p>\n<p>P\u00e1ginas: 96<\/p>\n","protected":false},"excerpt":{"rendered":"<p><strong data-start=\"150\" data-end=\"179\">Nacho Aprende y Escribe D<\/strong> es un cuaderno educativo infantil que ayuda a los ni\u00f1os a aprender a reconocer, leer y escribir la letra <strong data-start=\"285\" data-end=\"290\">D<\/strong> mediante actividades l\u00fadicas, ejercicios de trazo e ilustraciones atractivas.<\/p>\n","protected":false},"featured_media":18903,"comment_status":"open","ping_status":"closed","template":"","meta":[],"product_brand":[],"product_cat":[127],"product_tag":[],"class_list":{"0":"post-18398","1":"product","2":"type-product","3":"status-publish","4":"has-post-thumbnail","6":"product_cat-textos-escolares","8":"first","9":"instock","10":"sale","11":"shipping-taxable","12":"purchasable","13":"product-type-simple"},"jetpack_sharing_enabled":true,"_links":{"self":[{"href":"https:\/\/libreriaelprincipito.com\/index.php?rest_route=\/wp\/v2\/product\/18398","targetHints":{"allow":["GET"]}}],"collection":[{"href":"https:\/\/libreriaelprincipito.com\/index.php?rest_route=\/wp\/v2\/product"}],"about":[{"href":"https:\/\/libreriaelprincipito.com\/index.php?rest_route=\/wp\/v2\/types\/product"}],"replies":[{"embeddable":true,"href":"https:\/\/libreriaelprincipito.com\/index.php?rest_route=%2Fwp%2Fv2%2Fcomments&post=18398"}],"version-history":[{"count":1,"href":"https:\/\/libreriaelprincipito.com\/index.php?rest_route=\/wp\/v2\/product\/18398\/revisions"}],"predecessor-version":[{"id":18400,"href":"https:\/\/libreriaelprincipito.com\/index.php?rest_route=\/wp\/v2\/product\/18398\/revisions\/18400"}],"wp:featuredmedia":[{"embeddable":true,"href":"https:\/\/libreriaelprincipito.com\/index.php?rest_route=\/wp\/v2\/media\/18903"}],"wp:attachment":[{"href":"https:\/\/libreriaelprincipito.com\/index.php?rest_route=%2Fwp%2Fv2%2Fmedia&parent=18398"}],"wp:term":[{"taxonomy":"product_brand","embeddable":true,"href":"https:\/\/libreriaelprincipito.com\/index.php?rest_route=%2Fwp%2Fv2%2Fproduct_brand&post=18398"},{"taxonomy":"product_cat","embeddable":true,"href":"https:\/\/libreriaelprincipito.com\/index.php?rest_route=%2Fwp%2Fv2%2Fproduct_cat&post=18398"},{"taxonomy":"product_tag","embeddable":true,"href":"https:\/\/libreriaelprincipito.com\/index.php?rest_route=%2Fwp%2Fv2%2Fproduct_tag&post=18398"}],"curies":[{"name":"wp","href":"https:\/\/api.w.org\/{rel}","templated":true}]}}