{"id":18401,"date":"2026-02-10T14:22:54","date_gmt":"2026-02-10T14:22:54","guid":{"rendered":"https:\/\/libreriaelprincipito.com\/?post_type=product&#038;p=18401"},"modified":"2026-02-20T14:01:49","modified_gmt":"2026-02-20T14:01:49","slug":"nacho-aprende-y-escribe-e","status":"publish","type":"product","link":"https:\/\/libreriaelprincipito.com\/?product=nacho-aprende-y-escribe-e","title":{"rendered":"Nacho aprende y escribe E"},"content":{"rendered":"<p data-start=\"404\" data-end=\"711\"><b data-path-to-node=\"0\" data-index-in-node=\"0\">Nacho: Aprende y Escribe<\/b> es un cuaderno de trabajo pedag\u00f3gico fundamental, dise\u00f1ado espec\u00edficamente para ni\u00f1os en etapas de <b data-path-to-node=\"0\" data-index-in-node=\"124\">preescolar o primer grado<\/b>, que sirve como herramienta puente entre el reconocimiento visual de las palabras y la habilidad motriz de escribirlas. Forma parte de la emblem\u00e1tica colecci\u00f3n de la editorial Susaeta y utiliza un <b data-path-to-node=\"0\" data-index-in-node=\"347\">m\u00e9todo fon\u00e9tico<\/b> que gu\u00eda al estudiante desde lo m\u00e1s simple, como letras y s\u00edlabas, hasta la estructuraci\u00f3n de frases completas. A trav\u00e9s de ejercicios pr\u00e1cticos de <b data-path-to-node=\"0\" data-index-in-node=\"511\">caligraf\u00eda<\/b>, actividades de completar palabras y un dise\u00f1o visualmente atractivo con ilustraciones coloridas de sus personajes, el libro busca desarrollar la confianza y la fluidez del peque\u00f1o escritor, cimentando las bases esenciales del lenguaje de una manera did\u00e1ctica y entretenida.<\/p>\n<p>DETALLES DEL PRODUCTO<\/p>\n<p>ISBN: 9789580715870<\/p>\n<p>P\u00e1ginas: 96<\/p>\n","protected":false},"excerpt":{"rendered":"<p><b data-path-to-node=\"2\" data-index-in-node=\"0\">Nacho: Aprende y Escribe<\/b> es un cuaderno de trabajo pedag\u00f3gico dise\u00f1ado para facilitar el proceso de <b data-path-to-node=\"2\" data-index-in-node=\"100\">lectoescritura<\/b> en ni\u00f1os. Publicado por la editorial Susaeta, este ejemplar se enfoca en ejercicios pr\u00e1cticos de caligraf\u00eda y reconocimiento de letras, sirviendo como el complemento ideal del tradicional libro de lectura \u00abNacho\u00bb.<\/p>\n","protected":false},"featured_media":18904,"comment_status":"open","ping_status":"closed","template":"","meta":[],"product_brand":[],"product_cat":[127],"product_tag":[],"class_list":{"0":"post-18401","1":"product","2":"type-product","3":"status-publish","4":"has-post-thumbnail","6":"product_cat-textos-escolares","8":"first","9":"instock","10":"sale","11":"shipping-taxable","12":"purchasable","13":"product-type-simple"},"jetpack_sharing_enabled":true,"_links":{"self":[{"href":"https:\/\/libreriaelprincipito.com\/index.php?rest_route=\/wp\/v2\/product\/18401","targetHints":{"allow":["GET"]}}],"collection":[{"href":"https:\/\/libreriaelprincipito.com\/index.php?rest_route=\/wp\/v2\/product"}],"about":[{"href":"https:\/\/libreriaelprincipito.com\/index.php?rest_route=\/wp\/v2\/types\/product"}],"replies":[{"embeddable":true,"href":"https:\/\/libreriaelprincipito.com\/index.php?rest_route=%2Fwp%2Fv2%2Fcomments&post=18401"}],"version-history":[{"count":1,"href":"https:\/\/libreriaelprincipito.com\/index.php?rest_route=\/wp\/v2\/product\/18401\/revisions"}],"predecessor-version":[{"id":18403,"href":"https:\/\/libreriaelprincipito.com\/index.php?rest_route=\/wp\/v2\/product\/18401\/revisions\/18403"}],"wp:featuredmedia":[{"embeddable":true,"href":"https:\/\/libreriaelprincipito.com\/index.php?rest_route=\/wp\/v2\/media\/18904"}],"wp:attachment":[{"href":"https:\/\/libreriaelprincipito.com\/index.php?rest_route=%2Fwp%2Fv2%2Fmedia&parent=18401"}],"wp:term":[{"taxonomy":"product_brand","embeddable":true,"href":"https:\/\/libreriaelprincipito.com\/index.php?rest_route=%2Fwp%2Fv2%2Fproduct_brand&post=18401"},{"taxonomy":"product_cat","embeddable":true,"href":"https:\/\/libreriaelprincipito.com\/index.php?rest_route=%2Fwp%2Fv2%2Fproduct_cat&post=18401"},{"taxonomy":"product_tag","embeddable":true,"href":"https:\/\/libreriaelprincipito.com\/index.php?rest_route=%2Fwp%2Fv2%2Fproduct_tag&post=18401"}],"curies":[{"name":"wp","href":"https:\/\/api.w.org\/{rel}","templated":true}]}}